{"id":5093,"date":"2025-01-02T13:54:41","date_gmt":"2025-01-02T13:54:41","guid":{"rendered":"https:\/\/hyundaishop.eu\/shop\/uncategorized\/mh-umbrella\/"},"modified":"2026-04-09T08:23:39","modified_gmt":"2026-04-09T08:23:39","slug":"mh-umbrella","status":"publish","type":"product","link":"https:\/\/hyundaishop.eu\/es\/shop\/material-handling\/merchandise\/mh-umbrella\/","title":{"rendered":"MH Umbrella"},"content":{"rendered":"","protected":false},"excerpt":{"rendered":"<p>Un paraguas impermeable y resistente a la suciedad con un eje de acero de 14 mm y varillas de fibra de vidrio. El paraguas es s\u00faper estable, lo que lo convierte en el art\u00edculo perfecto para un d\u00eda lluvioso y ventoso. El paraguas tiene una impresi\u00f3n de alta calidad del logotipo de Hyundai en la correa de cierre y en el paraguas mismo.<\/p>","protected":false},"featured_media":5094,"comment_status":"open","ping_status":"closed","template":"","meta":{"_acf_changed":false},"product_brand":[],"product_cat":[177,191,192],"product_tag":[],"class_list":{"0":"post-5093","1":"product","2":"type-product","3":"status-publish","4":"has-post-thumbnail","6":"product_cat-black-friday","7":"product_cat-material-handling","8":"product_cat-merchandise","10":"first","11":"instock","12":"taxable","13":"shipping-taxable","14":"purchasable","15":"product-type-simple"},"acf":[],"_links":{"self":[{"href":"https:\/\/hyundaishop.eu\/es\/wp-json\/wp\/v2\/product\/5093","targetHints":{"allow":["GET"]}}],"collection":[{"href":"https:\/\/hyundaishop.eu\/es\/wp-json\/wp\/v2\/product"}],"about":[{"href":"https:\/\/hyundaishop.eu\/es\/wp-json\/wp\/v2\/types\/product"}],"replies":[{"embeddable":true,"href":"https:\/\/hyundaishop.eu\/es\/wp-json\/wp\/v2\/comments?post=5093"}],"wp:featuredmedia":[{"embeddable":true,"href":"https:\/\/hyundaishop.eu\/es\/wp-json\/wp\/v2\/media\/5094"}],"wp:attachment":[{"href":"https:\/\/hyundaishop.eu\/es\/wp-json\/wp\/v2\/media?parent=5093"}],"wp:term":[{"taxonomy":"product_brand","embeddable":true,"href":"https:\/\/hyundaishop.eu\/es\/wp-json\/wp\/v2\/product_brand?post=5093"},{"taxonomy":"product_cat","embeddable":true,"href":"https:\/\/hyundaishop.eu\/es\/wp-json\/wp\/v2\/product_cat?post=5093"},{"taxonomy":"product_tag","embeddable":true,"href":"https:\/\/hyundaishop.eu\/es\/wp-json\/wp\/v2\/product_tag?post=5093"}],"curies":[{"name":"wp","href":"https:\/\/api.w.org\/{rel}","templated":true}]}}