{"id":5080,"date":"2025-11-02T13:59:12","date_gmt":"2025-11-02T13:59:12","guid":{"rendered":"https:\/\/hyundaishop.eu\/shop\/uncategorized\/mh-baseball-cap\/"},"modified":"2026-04-09T08:23:30","modified_gmt":"2026-04-09T08:23:30","slug":"mh-baseball-cap","status":"publish","type":"product","link":"https:\/\/hyundaishop.eu\/es\/shop\/material-handling\/clothing-material-handling\/mh-baseball-cap\/","title":{"rendered":"MH Baseball Cap"},"content":{"rendered":"","protected":false},"excerpt":{"rendered":"<p>Con la pr\u00e1ctica correa ajustable en la parte posterior, puedes ajustar la gorra de b\u00e9isbol a tu propio tama\u00f1o de cabeza. Est\u00e1 dise\u00f1ada para hacer que tu experiencia de uso sea verdaderamente personalizable.<\/p>\n<p>Featuring our Hyundai logo, this cap comes with six embroidered ventilation holes, a pre-formed visor, and a secure clip closure. It&#8217;s the perfect blend of style and functionality for your everyday adventures.<\/p>","protected":false},"featured_media":5081,"comment_status":"open","ping_status":"closed","template":"","meta":{"_acf_changed":false},"product_brand":[],"product_cat":[177,193,191],"product_tag":[],"class_list":{"0":"post-5080","1":"product","2":"type-product","3":"status-publish","4":"has-post-thumbnail","6":"product_cat-black-friday","7":"product_cat-clothing-material-handling","8":"product_cat-material-handling","10":"first","11":"instock","12":"taxable","13":"shipping-taxable","14":"purchasable","15":"product-type-simple"},"acf":[],"_links":{"self":[{"href":"https:\/\/hyundaishop.eu\/es\/wp-json\/wp\/v2\/product\/5080","targetHints":{"allow":["GET"]}}],"collection":[{"href":"https:\/\/hyundaishop.eu\/es\/wp-json\/wp\/v2\/product"}],"about":[{"href":"https:\/\/hyundaishop.eu\/es\/wp-json\/wp\/v2\/types\/product"}],"replies":[{"embeddable":true,"href":"https:\/\/hyundaishop.eu\/es\/wp-json\/wp\/v2\/comments?post=5080"}],"wp:featuredmedia":[{"embeddable":true,"href":"https:\/\/hyundaishop.eu\/es\/wp-json\/wp\/v2\/media\/5081"}],"wp:attachment":[{"href":"https:\/\/hyundaishop.eu\/es\/wp-json\/wp\/v2\/media?parent=5080"}],"wp:term":[{"taxonomy":"product_brand","embeddable":true,"href":"https:\/\/hyundaishop.eu\/es\/wp-json\/wp\/v2\/product_brand?post=5080"},{"taxonomy":"product_cat","embeddable":true,"href":"https:\/\/hyundaishop.eu\/es\/wp-json\/wp\/v2\/product_cat?post=5080"},{"taxonomy":"product_tag","embeddable":true,"href":"https:\/\/hyundaishop.eu\/es\/wp-json\/wp\/v2\/product_tag?post=5080"}],"curies":[{"name":"wp","href":"https:\/\/api.w.org\/{rel}","templated":true}]}}