{"id":4667,"date":"2024-01-07T14:44:51","date_gmt":"2024-01-07T14:44:51","guid":{"rendered":"https:\/\/hyundaishop.eu\/shop\/uncategorized\/unisex-navy-jacket\/"},"modified":"2026-04-09T08:32:39","modified_gmt":"2026-04-09T08:32:39","slug":"unisex-navy-jacket","status":"publish","type":"product","link":"https:\/\/hyundaishop.eu\/es\/shop\/construction-equipment\/clothing\/coats-jackets\/unisex-navy-jacket\/","title":{"rendered":"Unisex Navy Jacket"},"content":{"rendered":"","protected":false},"excerpt":{"rendered":"<p>La chaqueta azul marino de Hyundai es una prenda ligera esencial, perfecta para el clima de transici\u00f3n. Elaborada con materiales de alta calidad, ofrece tanto estilo como funcionalidad. Mant\u00e9ngase abrigado sin sentirse agobiado con esta vers\u00e1til chaqueta azul marino, dise\u00f1ada para complementar cualquier atuendo.<\/p>","protected":false},"featured_media":6554,"comment_status":"open","ping_status":"closed","template":"","meta":{"_acf_changed":false},"product_brand":[],"product_cat":[18,36],"product_tag":[],"class_list":{"0":"post-4667","1":"product","2":"type-product","3":"status-publish","4":"has-post-thumbnail","6":"product_cat-clothing","7":"product_cat-coats-jackets","9":"first","10":"instock","11":"taxable","12":"shipping-taxable","13":"purchasable","14":"product-type-variable"},"acf":[],"_links":{"self":[{"href":"https:\/\/hyundaishop.eu\/es\/wp-json\/wp\/v2\/product\/4667","targetHints":{"allow":["GET"]}}],"collection":[{"href":"https:\/\/hyundaishop.eu\/es\/wp-json\/wp\/v2\/product"}],"about":[{"href":"https:\/\/hyundaishop.eu\/es\/wp-json\/wp\/v2\/types\/product"}],"replies":[{"embeddable":true,"href":"https:\/\/hyundaishop.eu\/es\/wp-json\/wp\/v2\/comments?post=4667"}],"wp:featuredmedia":[{"embeddable":true,"href":"https:\/\/hyundaishop.eu\/es\/wp-json\/wp\/v2\/media\/6554"}],"wp:attachment":[{"href":"https:\/\/hyundaishop.eu\/es\/wp-json\/wp\/v2\/media?parent=4667"}],"wp:term":[{"taxonomy":"product_brand","embeddable":true,"href":"https:\/\/hyundaishop.eu\/es\/wp-json\/wp\/v2\/product_brand?post=4667"},{"taxonomy":"product_cat","embeddable":true,"href":"https:\/\/hyundaishop.eu\/es\/wp-json\/wp\/v2\/product_cat?post=4667"},{"taxonomy":"product_tag","embeddable":true,"href":"https:\/\/hyundaishop.eu\/es\/wp-json\/wp\/v2\/product_tag?post=4667"}],"curies":[{"name":"wp","href":"https:\/\/api.w.org\/{rel}","templated":true}]}}