{"id":4405,"date":"2024-10-31T13:26:24","date_gmt":"2024-10-31T13:26:24","guid":{"rendered":"https:\/\/hyundaishop.eu\/shop\/uncategorized\/powerbank\/"},"modified":"2026-04-09T08:20:42","modified_gmt":"2026-04-09T08:20:42","slug":"powerbank","status":"publish","type":"product","link":"https:\/\/hyundaishop.eu\/es\/shop\/construction-equipment\/lifestyle\/office\/powerbank\/","title":{"rendered":"Powerbank"},"content":{"rendered":"","protected":false},"excerpt":{"rendered":"<p>\u00bfBuscas un regalo peque\u00f1o y pr\u00e1ctico para empleados, socios comerciales o como obsequio? La power bank Volt de 2200 mAh es una excelente opci\u00f3n. Con una capacidad de bater\u00eda de 2200 mAh, proporciona un aumento sustancial en la autonom\u00eda de tu dispositivo m\u00f3vil o tableta (5V\/1A). La power bank se carga a trav\u00e9s del cable USB incluido, y la luz indicadora se vuelve azul cuando est\u00e1 completamente cargada. Fabricada en aluminio, la power bank Volt es ligera y duradera, combinando practicidad y estilo.<\/p>","protected":false},"featured_media":4499,"comment_status":"open","ping_status":"closed","template":"","meta":{"_acf_changed":false},"product_brand":[],"product_cat":[199,20,39],"product_tag":[],"class_list":{"0":"post-4405","1":"product","2":"type-product","3":"status-publish","4":"has-post-thumbnail","6":"product_cat-construction-equipment","7":"product_cat-lifestyle","8":"product_cat-office","10":"first","11":"instock","12":"taxable","13":"shipping-taxable","14":"purchasable","15":"product-type-simple"},"acf":[],"_links":{"self":[{"href":"https:\/\/hyundaishop.eu\/es\/wp-json\/wp\/v2\/product\/4405","targetHints":{"allow":["GET"]}}],"collection":[{"href":"https:\/\/hyundaishop.eu\/es\/wp-json\/wp\/v2\/product"}],"about":[{"href":"https:\/\/hyundaishop.eu\/es\/wp-json\/wp\/v2\/types\/product"}],"replies":[{"embeddable":true,"href":"https:\/\/hyundaishop.eu\/es\/wp-json\/wp\/v2\/comments?post=4405"}],"wp:featuredmedia":[{"embeddable":true,"href":"https:\/\/hyundaishop.eu\/es\/wp-json\/wp\/v2\/media\/4499"}],"wp:attachment":[{"href":"https:\/\/hyundaishop.eu\/es\/wp-json\/wp\/v2\/media?parent=4405"}],"wp:term":[{"taxonomy":"product_brand","embeddable":true,"href":"https:\/\/hyundaishop.eu\/es\/wp-json\/wp\/v2\/product_brand?post=4405"},{"taxonomy":"product_cat","embeddable":true,"href":"https:\/\/hyundaishop.eu\/es\/wp-json\/wp\/v2\/product_cat?post=4405"},{"taxonomy":"product_tag","embeddable":true,"href":"https:\/\/hyundaishop.eu\/es\/wp-json\/wp\/v2\/product_tag?post=4405"}],"curies":[{"name":"wp","href":"https:\/\/api.w.org\/{rel}","templated":true}]}}