{"id":4326,"date":"2024-10-10T13:11:29","date_gmt":"2024-10-10T13:11:29","guid":{"rendered":"https:\/\/hyundaishop.eu\/shop\/uncategorized\/hoodie-kids\/"},"modified":"2026-04-09T08:22:05","modified_gmt":"2026-04-09T08:22:05","slug":"hoodie-kids","status":"publish","type":"product","link":"https:\/\/hyundaishop.eu\/es\/shop\/construction-equipment\/clothing\/tshirts-shirts\/hoodie-kids\/","title":{"rendered":"Hoodie Kids"},"content":{"rendered":"","protected":false},"excerpt":{"rendered":"<p>La sudadera con capucha Hyundai para ni\u00f1os ofrece la combinaci\u00f3n perfecta de comodidad y estilo, con un ajuste actualizado ideal para el uso diario. El suave tejido interior cepillado proporciona calor adicional, mientras que los pu\u00f1os y el dobladillo acanalados aseguran un ajuste ce\u00f1ido. Con un pr\u00e1ctico bolsillo tipo canguro en la parte delantera, los ni\u00f1os pueden mantener sus manos calientes o llevar peque\u00f1os objetos. La sudadera presenta el ic\u00f3nico logo de Hyundai y im\u00e1genes de las m\u00e1quinas de Hyundai, d\u00e1ndole un aspecto divertido y moderno. \u00a1Perfecta para cualquier joven aventurero!<\/p>","protected":false},"featured_media":4240,"comment_status":"open","ping_status":"closed","template":"","meta":{"_acf_changed":false},"product_brand":[],"product_cat":[198,18,199,35],"product_tag":[204],"class_list":{"0":"post-4326","1":"product","2":"type-product","3":"status-publish","4":"has-post-thumbnail","6":"product_cat-bauma-uniform","7":"product_cat-clothing","8":"product_cat-construction-equipment","9":"product_cat-tshirts-shirts","10":"product_tag-seasonal","12":"first","13":"instock","14":"taxable","15":"shipping-taxable","16":"purchasable","17":"product-type-variable"},"acf":[],"_links":{"self":[{"href":"https:\/\/hyundaishop.eu\/es\/wp-json\/wp\/v2\/product\/4326","targetHints":{"allow":["GET"]}}],"collection":[{"href":"https:\/\/hyundaishop.eu\/es\/wp-json\/wp\/v2\/product"}],"about":[{"href":"https:\/\/hyundaishop.eu\/es\/wp-json\/wp\/v2\/types\/product"}],"replies":[{"embeddable":true,"href":"https:\/\/hyundaishop.eu\/es\/wp-json\/wp\/v2\/comments?post=4326"}],"wp:featuredmedia":[{"embeddable":true,"href":"https:\/\/hyundaishop.eu\/es\/wp-json\/wp\/v2\/media\/4240"}],"wp:attachment":[{"href":"https:\/\/hyundaishop.eu\/es\/wp-json\/wp\/v2\/media?parent=4326"}],"wp:term":[{"taxonomy":"product_brand","embeddable":true,"href":"https:\/\/hyundaishop.eu\/es\/wp-json\/wp\/v2\/product_brand?post=4326"},{"taxonomy":"product_cat","embeddable":true,"href":"https:\/\/hyundaishop.eu\/es\/wp-json\/wp\/v2\/product_cat?post=4326"},{"taxonomy":"product_tag","embeddable":true,"href":"https:\/\/hyundaishop.eu\/es\/wp-json\/wp\/v2\/product_tag?post=4326"}],"curies":[{"name":"wp","href":"https:\/\/api.w.org\/{rel}","templated":true}]}}