{"id":3759,"date":"2024-08-01T11:18:43","date_gmt":"2024-08-01T11:18:43","guid":{"rendered":"https:\/\/hyundaishop.eu\/shop\/uncategorized\/womens-trousers-pearl-navy\/"},"modified":"2026-04-09T08:21:56","modified_gmt":"2026-04-09T08:21:56","slug":"womens-trousers-pearl-navy","status":"publish","type":"product","link":"https:\/\/hyundaishop.eu\/es\/shop\/construction-equipment\/clothing\/trousers\/womens-trousers-pearl-navy\/","title":{"rendered":"Women&#8217;s trousers Pearl Navy"},"content":{"rendered":"","protected":false},"excerpt":{"rendered":"<p>\u00b7 Libertad de movimiento \u00fanica donde nada se siente apretado o irritante gracias a las propiedades de su el\u00e1stico funcional en cuatro direcciones.<br \/>\n\u00b7 Ligero, alta durabilidad y acabado repelente al agua.<br \/>\n\u00b7 El ajuste Pearl est\u00e1 especialmente dise\u00f1ado para mujeres con una diferencia de menos de 20 cent\u00edmetros entre las medidas de su cintura y cadera.<\/p>\n<p>Mascot es reconocida mundialmente por su ropa de trabajo de alta calidad, y estos pantalones no son una excepci\u00f3n, ofreciendo lo mejor en comodidad y artesan\u00eda. Comb\u00ednelos con una de nuestras polos de marca HD Hyundai y una chaqueta shell Mascot para un atuendo elegante y c\u00f3modo en climas m\u00e1s frescos.<\/p>","protected":false},"featured_media":3750,"comment_status":"open","ping_status":"closed","template":"","meta":{"_acf_changed":false},"product_brand":[],"product_cat":[18,131],"product_tag":[],"class_list":{"0":"post-3759","1":"product","2":"type-product","3":"status-publish","4":"has-post-thumbnail","6":"product_cat-clothing","7":"product_cat-trousers","9":"first","10":"instock","11":"taxable","12":"shipping-taxable","13":"purchasable","14":"product-type-variable"},"acf":[],"_links":{"self":[{"href":"https:\/\/hyundaishop.eu\/es\/wp-json\/wp\/v2\/product\/3759","targetHints":{"allow":["GET"]}}],"collection":[{"href":"https:\/\/hyundaishop.eu\/es\/wp-json\/wp\/v2\/product"}],"about":[{"href":"https:\/\/hyundaishop.eu\/es\/wp-json\/wp\/v2\/types\/product"}],"replies":[{"embeddable":true,"href":"https:\/\/hyundaishop.eu\/es\/wp-json\/wp\/v2\/comments?post=3759"}],"wp:featuredmedia":[{"embeddable":true,"href":"https:\/\/hyundaishop.eu\/es\/wp-json\/wp\/v2\/media\/3750"}],"wp:attachment":[{"href":"https:\/\/hyundaishop.eu\/es\/wp-json\/wp\/v2\/media?parent=3759"}],"wp:term":[{"taxonomy":"product_brand","embeddable":true,"href":"https:\/\/hyundaishop.eu\/es\/wp-json\/wp\/v2\/product_brand?post=3759"},{"taxonomy":"product_cat","embeddable":true,"href":"https:\/\/hyundaishop.eu\/es\/wp-json\/wp\/v2\/product_cat?post=3759"},{"taxonomy":"product_tag","embeddable":true,"href":"https:\/\/hyundaishop.eu\/es\/wp-json\/wp\/v2\/product_tag?post=3759"}],"curies":[{"name":"wp","href":"https:\/\/api.w.org\/{rel}","templated":true}]}}