{"id":3436,"date":"2024-07-10T08:04:57","date_gmt":"2024-07-10T08:04:57","guid":{"rendered":"https:\/\/hyundaishop.eu\/shop\/uncategorized\/water-bottle\/"},"modified":"2026-04-09T12:41:20","modified_gmt":"2026-04-09T12:41:20","slug":"water-bottle","status":"publish","type":"product","link":"https:\/\/hyundaishop.eu\/es\/shop\/construction-equipment\/lifestyle\/drinkware\/water-bottle\/","title":{"rendered":"Water Bottle"},"content":{"rendered":"","protected":false},"excerpt":{"rendered":"<p>Esta botella de agua Hyundai a prueba de fugas combina sin esfuerzo estilo y funcionalidad. Con una capacidad de 620 ml, te asegura mantenerte hidratado durante todo el d\u00eda. La tapa de rosca presenta un hermoso acabado met\u00e1lico que complementa el cuerpo de color a juego, haci\u00e9ndola tan elegante como pr\u00e1ctica. Dise\u00f1ada solo para agua fr\u00eda, esta botella libre de BPA es segura y conveniente para el uso diario.<\/p>","protected":false},"featured_media":3880,"comment_status":"open","ping_status":"closed","template":"","meta":{"_acf_changed":false},"product_brand":[],"product_cat":[199,38,20],"product_tag":[],"class_list":{"0":"post-3436","1":"product","2":"type-product","3":"status-publish","4":"has-post-thumbnail","6":"product_cat-construction-equipment","7":"product_cat-drinkware","8":"product_cat-lifestyle","10":"first","11":"instock","12":"taxable","13":"shipping-taxable","14":"purchasable","15":"product-type-simple"},"acf":[],"_links":{"self":[{"href":"https:\/\/hyundaishop.eu\/es\/wp-json\/wp\/v2\/product\/3436","targetHints":{"allow":["GET"]}}],"collection":[{"href":"https:\/\/hyundaishop.eu\/es\/wp-json\/wp\/v2\/product"}],"about":[{"href":"https:\/\/hyundaishop.eu\/es\/wp-json\/wp\/v2\/types\/product"}],"replies":[{"embeddable":true,"href":"https:\/\/hyundaishop.eu\/es\/wp-json\/wp\/v2\/comments?post=3436"}],"wp:featuredmedia":[{"embeddable":true,"href":"https:\/\/hyundaishop.eu\/es\/wp-json\/wp\/v2\/media\/3880"}],"wp:attachment":[{"href":"https:\/\/hyundaishop.eu\/es\/wp-json\/wp\/v2\/media?parent=3436"}],"wp:term":[{"taxonomy":"product_brand","embeddable":true,"href":"https:\/\/hyundaishop.eu\/es\/wp-json\/wp\/v2\/product_brand?post=3436"},{"taxonomy":"product_cat","embeddable":true,"href":"https:\/\/hyundaishop.eu\/es\/wp-json\/wp\/v2\/product_cat?post=3436"},{"taxonomy":"product_tag","embeddable":true,"href":"https:\/\/hyundaishop.eu\/es\/wp-json\/wp\/v2\/product_tag?post=3436"}],"curies":[{"name":"wp","href":"https:\/\/api.w.org\/{rel}","templated":true}]}}