{"id":3414,"date":"2024-07-10T07:56:50","date_gmt":"2024-07-10T07:56:50","guid":{"rendered":"https:\/\/hyundaishop.eu\/shop\/uncategorized\/pen-gift-set\/"},"modified":"2026-04-09T08:20:28","modified_gmt":"2026-04-09T08:20:28","slug":"pen-gift-set","status":"publish","type":"product","link":"https:\/\/hyundaishop.eu\/es\/shop\/construction-equipment\/lifestyle\/office\/pen-gift-set\/","title":{"rendered":"Pen Gift Set"},"content":{"rendered":"","protected":false},"excerpt":{"rendered":"<p>Este exquisito juego de bol\u00edgrafos, que incluye un bol\u00edgrafo y un l\u00e1piz, es reconocido por su calidad y elegancia. El bol\u00edgrafo viene con una recarga de escritura de 1200m utilizando tinta alemana de primera calidad, lo que garantiza un rendimiento suave y confiable. El l\u00e1piz incluye tres minas de 0,7mm, proporcionando precisi\u00f3n y durabilidad para todas sus necesidades de escritura. Presentado en una lujosa caja de regalo Swiss Peak, este juego es un regalo ideal para cualquier ocasi\u00f3n.<\/p>","protected":false},"featured_media":3415,"comment_status":"open","ping_status":"closed","template":"","meta":{"_acf_changed":false},"product_brand":[],"product_cat":[177,199,20,39],"product_tag":[204],"class_list":{"0":"post-3414","1":"product","2":"type-product","3":"status-publish","4":"has-post-thumbnail","6":"product_cat-black-friday","7":"product_cat-construction-equipment","8":"product_cat-lifestyle","9":"product_cat-office","10":"product_tag-seasonal","12":"first","13":"instock","14":"taxable","15":"shipping-taxable","16":"purchasable","17":"product-type-simple"},"acf":[],"_links":{"self":[{"href":"https:\/\/hyundaishop.eu\/es\/wp-json\/wp\/v2\/product\/3414","targetHints":{"allow":["GET"]}}],"collection":[{"href":"https:\/\/hyundaishop.eu\/es\/wp-json\/wp\/v2\/product"}],"about":[{"href":"https:\/\/hyundaishop.eu\/es\/wp-json\/wp\/v2\/types\/product"}],"replies":[{"embeddable":true,"href":"https:\/\/hyundaishop.eu\/es\/wp-json\/wp\/v2\/comments?post=3414"}],"wp:featuredmedia":[{"embeddable":true,"href":"https:\/\/hyundaishop.eu\/es\/wp-json\/wp\/v2\/media\/3415"}],"wp:attachment":[{"href":"https:\/\/hyundaishop.eu\/es\/wp-json\/wp\/v2\/media?parent=3414"}],"wp:term":[{"taxonomy":"product_brand","embeddable":true,"href":"https:\/\/hyundaishop.eu\/es\/wp-json\/wp\/v2\/product_brand?post=3414"},{"taxonomy":"product_cat","embeddable":true,"href":"https:\/\/hyundaishop.eu\/es\/wp-json\/wp\/v2\/product_cat?post=3414"},{"taxonomy":"product_tag","embeddable":true,"href":"https:\/\/hyundaishop.eu\/es\/wp-json\/wp\/v2\/product_tag?post=3414"}],"curies":[{"name":"wp","href":"https:\/\/api.w.org\/{rel}","templated":true}]}}