{"id":3392,"date":"2024-07-10T07:47:38","date_gmt":"2024-07-10T07:47:38","guid":{"rendered":"https:\/\/hyundaishop.eu\/shop\/uncategorized\/umbrella\/"},"modified":"2026-04-09T08:20:27","modified_gmt":"2026-04-09T08:20:27","slug":"umbrella","status":"publish","type":"product","link":"https:\/\/hyundaishop.eu\/es\/shop\/construction-equipment\/lifestyle\/bags-travel\/umbrella\/","title":{"rendered":"**Umbrella"},"content":{"rendered":"","protected":false},"excerpt":{"rendered":"<p>Un paraguas impermeable y resistente a la suciedad con un eje de acero de 14 mm y varillas de fibra de vidrio. El paraguas es s\u00faper estable, lo que lo convierte en el art\u00edculo perfecto para un d\u00eda lluvioso y ventoso. El paraguas tiene una impresi\u00f3n de alta calidad del logotipo de Hyundai en la correa de cierre y en el paraguas mismo.<\/p>","protected":false},"featured_media":3925,"comment_status":"open","ping_status":"closed","template":"","meta":{"_acf_changed":false},"product_brand":[],"product_cat":[37,177,199,20],"product_tag":[203],"class_list":{"0":"post-3392","1":"product","2":"type-product","3":"status-publish","4":"has-post-thumbnail","6":"product_cat-bags-travel","7":"product_cat-black-friday","8":"product_cat-construction-equipment","9":"product_cat-lifestyle","10":"product_tag-winter","12":"first","13":"instock","14":"taxable","15":"shipping-taxable","16":"purchasable","17":"product-type-simple"},"acf":[],"_links":{"self":[{"href":"https:\/\/hyundaishop.eu\/es\/wp-json\/wp\/v2\/product\/3392","targetHints":{"allow":["GET"]}}],"collection":[{"href":"https:\/\/hyundaishop.eu\/es\/wp-json\/wp\/v2\/product"}],"about":[{"href":"https:\/\/hyundaishop.eu\/es\/wp-json\/wp\/v2\/types\/product"}],"replies":[{"embeddable":true,"href":"https:\/\/hyundaishop.eu\/es\/wp-json\/wp\/v2\/comments?post=3392"}],"wp:featuredmedia":[{"embeddable":true,"href":"https:\/\/hyundaishop.eu\/es\/wp-json\/wp\/v2\/media\/3925"}],"wp:attachment":[{"href":"https:\/\/hyundaishop.eu\/es\/wp-json\/wp\/v2\/media?parent=3392"}],"wp:term":[{"taxonomy":"product_brand","embeddable":true,"href":"https:\/\/hyundaishop.eu\/es\/wp-json\/wp\/v2\/product_brand?post=3392"},{"taxonomy":"product_cat","embeddable":true,"href":"https:\/\/hyundaishop.eu\/es\/wp-json\/wp\/v2\/product_cat?post=3392"},{"taxonomy":"product_tag","embeddable":true,"href":"https:\/\/hyundaishop.eu\/es\/wp-json\/wp\/v2\/product_tag?post=3392"}],"curies":[{"name":"wp","href":"https:\/\/api.w.org\/{rel}","templated":true}]}}