{"id":2793,"date":"2024-06-04T13:11:35","date_gmt":"2024-06-04T13:11:35","guid":{"rendered":"https:\/\/hyundaishop.eu\/shop\/uncategorized\/roll-up-banner-85x200-a\/"},"modified":"2026-04-08T14:24:11","modified_gmt":"2026-04-08T14:24:11","slug":"roll-up-banner-85x200cm-a","status":"publish","type":"product","link":"https:\/\/hyundaishop.eu\/es\/shop\/uncategorized\/roll-up-banner-85x200cm-a\/","title":{"rendered":"Roll up Banner (85x200cm) A"},"content":{"rendered":"","protected":false},"excerpt":{"rendered":"<p>Nuestro Roll-Up Banner de 85x200cm es una soluci\u00f3n de exhibici\u00f3n elegante y port\u00e1til dise\u00f1ada para hacer destacar su mensaje. Perfecto para ferias comerciales, eventos o espacios de venta, este banner combina un tama\u00f1o compacto con visuales impactantes. Presentando impresionantes fotograf\u00edas de maquinaria Hyundai, es una soluci\u00f3n de exhibici\u00f3n conveniente e impactante que exige atenci\u00f3n. F\u00e1cil de montar y desmontar, este banner enrollable ofrece comodidad sin comprometer la visibilidad.<\/p>","protected":false},"featured_media":5592,"comment_status":"open","ping_status":"closed","template":"","meta":{"_acf_changed":false},"product_brand":[],"product_cat":[],"product_tag":[205],"class_list":{"0":"post-2793","1":"product","2":"type-product","3":"status-publish","4":"has-post-thumbnail","6":"product_tag-exclusive","8":"first","9":"onbackorder","10":"taxable","11":"shipping-taxable","12":"purchasable","13":"product-type-simple"},"acf":[],"_links":{"self":[{"href":"https:\/\/hyundaishop.eu\/es\/wp-json\/wp\/v2\/product\/2793","targetHints":{"allow":["GET"]}}],"collection":[{"href":"https:\/\/hyundaishop.eu\/es\/wp-json\/wp\/v2\/product"}],"about":[{"href":"https:\/\/hyundaishop.eu\/es\/wp-json\/wp\/v2\/types\/product"}],"replies":[{"embeddable":true,"href":"https:\/\/hyundaishop.eu\/es\/wp-json\/wp\/v2\/comments?post=2793"}],"wp:featuredmedia":[{"embeddable":true,"href":"https:\/\/hyundaishop.eu\/es\/wp-json\/wp\/v2\/media\/5592"}],"wp:attachment":[{"href":"https:\/\/hyundaishop.eu\/es\/wp-json\/wp\/v2\/media?parent=2793"}],"wp:term":[{"taxonomy":"product_brand","embeddable":true,"href":"https:\/\/hyundaishop.eu\/es\/wp-json\/wp\/v2\/product_brand?post=2793"},{"taxonomy":"product_cat","embeddable":true,"href":"https:\/\/hyundaishop.eu\/es\/wp-json\/wp\/v2\/product_cat?post=2793"},{"taxonomy":"product_tag","embeddable":true,"href":"https:\/\/hyundaishop.eu\/es\/wp-json\/wp\/v2\/product_tag?post=2793"}],"curies":[{"name":"wp","href":"https:\/\/api.w.org\/{rel}","templated":true}]}}