{"id":2792,"date":"2024-06-04T13:11:30","date_gmt":"2024-06-04T13:11:30","guid":{"rendered":"https:\/\/hyundaishop.eu\/shop\/uncategorized\/set-a2-posters-5-x-3mm-dibond-incl-pl\/"},"modified":"2026-04-08T14:24:13","modified_gmt":"2026-04-08T14:24:13","slug":"set-a2-posters-5-pcs-x-3mm-dibond","status":"publish","type":"product","link":"https:\/\/hyundaishop.eu\/es\/shop\/uncategorized\/set-a2-posters-5-pcs-x-3mm-dibond\/","title":{"rendered":"Set A2 Posters \/ 5 pcs x 3mm dibond"},"content":{"rendered":"","protected":false},"excerpt":{"rendered":"<p>Eleve su entorno con nuestros carteles Dibond, que muestran im\u00e1genes cautivadoras de maquinaria Hyundai en acci\u00f3n din\u00e1mica. Fabricados con material Dibond de alta calidad de 3mm, estos carteles ofrecen tanto durabilidad como un acabado elegante y moderno. Los colgadores adhesivos incluidos garantizan una instalaci\u00f3n sin complicaciones, permiti\u00e9ndole exhibir sin esfuerzo estas im\u00e1genes impactantes en cualquier espacio deseado. Haga una declaraci\u00f3n y capture la atenci\u00f3n con la potencia y precisi\u00f3n de la maquinaria Hyundai mostrada en nuestros carteles Dibond de primera calidad.<\/p>","protected":false},"featured_media":5585,"comment_status":"open","ping_status":"closed","template":"","meta":{"_acf_changed":false},"product_brand":[],"product_cat":[],"product_tag":[205],"class_list":{"0":"post-2792","1":"product","2":"type-product","3":"status-publish","4":"has-post-thumbnail","6":"product_tag-exclusive","8":"first","9":"onbackorder","10":"taxable","11":"shipping-taxable","12":"purchasable","13":"product-type-simple"},"acf":[],"_links":{"self":[{"href":"https:\/\/hyundaishop.eu\/es\/wp-json\/wp\/v2\/product\/2792","targetHints":{"allow":["GET"]}}],"collection":[{"href":"https:\/\/hyundaishop.eu\/es\/wp-json\/wp\/v2\/product"}],"about":[{"href":"https:\/\/hyundaishop.eu\/es\/wp-json\/wp\/v2\/types\/product"}],"replies":[{"embeddable":true,"href":"https:\/\/hyundaishop.eu\/es\/wp-json\/wp\/v2\/comments?post=2792"}],"wp:featuredmedia":[{"embeddable":true,"href":"https:\/\/hyundaishop.eu\/es\/wp-json\/wp\/v2\/media\/5585"}],"wp:attachment":[{"href":"https:\/\/hyundaishop.eu\/es\/wp-json\/wp\/v2\/media?parent=2792"}],"wp:term":[{"taxonomy":"product_brand","embeddable":true,"href":"https:\/\/hyundaishop.eu\/es\/wp-json\/wp\/v2\/product_brand?post=2792"},{"taxonomy":"product_cat","embeddable":true,"href":"https:\/\/hyundaishop.eu\/es\/wp-json\/wp\/v2\/product_cat?post=2792"},{"taxonomy":"product_tag","embeddable":true,"href":"https:\/\/hyundaishop.eu\/es\/wp-json\/wp\/v2\/product_tag?post=2792"}],"curies":[{"name":"wp","href":"https:\/\/api.w.org\/{rel}","templated":true}]}}