{"id":2790,"date":"2024-06-04T13:11:22","date_gmt":"2024-06-04T13:11:22","guid":{"rendered":"https:\/\/hyundaishop.eu\/shop\/uncategorized\/mesh-banner-blue\/"},"modified":"2026-03-13T07:42:32","modified_gmt":"2026-03-13T07:42:32","slug":"mesh-banner-300x100cm-blue","status":"publish","type":"product","link":"https:\/\/hyundaishop.eu\/es\/shop\/uncategorized\/mesh-banner-300x100cm-blue\/","title":{"rendered":"Mesh Banner 300x100cm Blue"},"content":{"rendered":"","protected":false},"excerpt":{"rendered":"<p>Presentamos el banner de malla Hyundai en azul marino, con el ic\u00f3nico logotipo de Hyundai. Perfecto para exhibiciones al aire libre y eventos, su duradero material de malla resiste las condiciones clim\u00e1ticas mientras garantiza un flujo de aire \u00f3ptimo. La marca prominente asegura una visibilidad m\u00e1xima, convirti\u00e9ndolo en una opci\u00f3n impactante para mostrar la calidad e innovaci\u00f3n de Hyundai.<\/p>","protected":false},"featured_media":5587,"comment_status":"open","ping_status":"closed","template":"","meta":{"_acf_changed":false},"product_brand":[],"product_cat":[],"product_tag":[205],"class_list":{"0":"post-2790","1":"product","2":"type-product","3":"status-publish","4":"has-post-thumbnail","6":"product_tag-exclusive","8":"first","9":"onbackorder","10":"taxable","11":"shipping-taxable","12":"purchasable","13":"product-type-simple"},"acf":[],"_links":{"self":[{"href":"https:\/\/hyundaishop.eu\/es\/wp-json\/wp\/v2\/product\/2790","targetHints":{"allow":["GET"]}}],"collection":[{"href":"https:\/\/hyundaishop.eu\/es\/wp-json\/wp\/v2\/product"}],"about":[{"href":"https:\/\/hyundaishop.eu\/es\/wp-json\/wp\/v2\/types\/product"}],"replies":[{"embeddable":true,"href":"https:\/\/hyundaishop.eu\/es\/wp-json\/wp\/v2\/comments?post=2790"}],"wp:featuredmedia":[{"embeddable":true,"href":"https:\/\/hyundaishop.eu\/es\/wp-json\/wp\/v2\/media\/5587"}],"wp:attachment":[{"href":"https:\/\/hyundaishop.eu\/es\/wp-json\/wp\/v2\/media?parent=2790"}],"wp:term":[{"taxonomy":"product_brand","embeddable":true,"href":"https:\/\/hyundaishop.eu\/es\/wp-json\/wp\/v2\/product_brand?post=2790"},{"taxonomy":"product_cat","embeddable":true,"href":"https:\/\/hyundaishop.eu\/es\/wp-json\/wp\/v2\/product_cat?post=2790"},{"taxonomy":"product_tag","embeddable":true,"href":"https:\/\/hyundaishop.eu\/es\/wp-json\/wp\/v2\/product_tag?post=2790"}],"curies":[{"name":"wp","href":"https:\/\/api.w.org\/{rel}","templated":true}]}}