{"id":2788,"date":"2024-06-04T13:11:12","date_gmt":"2024-06-04T13:11:12","guid":{"rendered":"https:\/\/hyundaishop.eu\/shop\/uncategorized\/beach-flag-80-220-cm-blue\/"},"modified":"2026-04-08T14:24:07","modified_gmt":"2026-04-08T14:24:07","slug":"beach-flag-80x220cm-navy","status":"publish","type":"product","link":"https:\/\/hyundaishop.eu\/es\/shop\/uncategorized\/beach-flag-80x220cm-navy\/","title":{"rendered":"Beach flag 80x220cm navy"},"content":{"rendered":"","protected":false},"excerpt":{"rendered":"<p>Presentamos la bandera de playa Hyundai, una impresionante bandera de 220 cm de altura en cl\u00e1sico azul marino, que muestra con orgullo el ic\u00f3nico logotipo blanco de Hyundai. Su gran altura garantiza visibilidad, haci\u00e9ndola perfecta para eventos, negocios o iniciativas de marca.<\/p>\n<p>El set incluye:<\/p>\n<ul>\n<li>1 bandera de playa<\/li>\n<li>2 postes duraderos<\/li>\n<li>1 anclaje para fijaci\u00f3n segura en el suelo<\/li>\n<\/ul>","protected":false},"featured_media":5589,"comment_status":"open","ping_status":"closed","template":"","meta":{"_acf_changed":false},"product_brand":[],"product_cat":[],"product_tag":[205],"class_list":{"0":"post-2788","1":"product","2":"type-product","3":"status-publish","4":"has-post-thumbnail","6":"product_tag-exclusive","8":"first","9":"onbackorder","10":"taxable","11":"shipping-taxable","12":"purchasable","13":"product-type-simple"},"acf":[],"_links":{"self":[{"href":"https:\/\/hyundaishop.eu\/es\/wp-json\/wp\/v2\/product\/2788","targetHints":{"allow":["GET"]}}],"collection":[{"href":"https:\/\/hyundaishop.eu\/es\/wp-json\/wp\/v2\/product"}],"about":[{"href":"https:\/\/hyundaishop.eu\/es\/wp-json\/wp\/v2\/types\/product"}],"replies":[{"embeddable":true,"href":"https:\/\/hyundaishop.eu\/es\/wp-json\/wp\/v2\/comments?post=2788"}],"wp:featuredmedia":[{"embeddable":true,"href":"https:\/\/hyundaishop.eu\/es\/wp-json\/wp\/v2\/media\/5589"}],"wp:attachment":[{"href":"https:\/\/hyundaishop.eu\/es\/wp-json\/wp\/v2\/media?parent=2788"}],"wp:term":[{"taxonomy":"product_brand","embeddable":true,"href":"https:\/\/hyundaishop.eu\/es\/wp-json\/wp\/v2\/product_brand?post=2788"},{"taxonomy":"product_cat","embeddable":true,"href":"https:\/\/hyundaishop.eu\/es\/wp-json\/wp\/v2\/product_cat?post=2788"},{"taxonomy":"product_tag","embeddable":true,"href":"https:\/\/hyundaishop.eu\/es\/wp-json\/wp\/v2\/product_tag?post=2788"}],"curies":[{"name":"wp","href":"https:\/\/api.w.org\/{rel}","templated":true}]}}