{"id":767,"date":"2024-03-25T11:57:54","date_gmt":"2024-03-25T11:57:54","guid":{"rendered":"https:\/\/hyundaishop.olbecreative.com\/shop\/uncategorized\/white-tin-with-mints-25-gr\/"},"modified":"2026-04-09T08:20:20","modified_gmt":"2026-04-09T08:20:20","slug":"white-tin-with-mints-25-gr","status":"publish","type":"product","link":"https:\/\/hyundaishop.eu\/de\/shop\/construction-equipment\/lifestyle\/accessories\/white-tin-with-mints-25-gr\/","title":{"rendered":"Wei\u00dfe Dose mit Minze - 25 gr"},"content":{"rendered":"","protected":false},"excerpt":{"rendered":"<p>Unsere erfrischenden Pfefferminzbonbons, verpackt in einer praktischen 25g wei\u00dfen Dose. Diese tragbare Dose mit Pfefferminzbonbons ist perfekt f\u00fcr Frische unterwegs und eignet sich ideal als Snack oder als aufmerksames Geschenk f\u00fcr jeden Anlass.<\/p>","protected":false},"featured_media":7030,"comment_status":"open","ping_status":"closed","template":"","meta":{"_acf_changed":false},"product_brand":[],"product_cat":[175,199,20],"product_tag":[],"class_list":{"0":"post-767","1":"product","2":"type-product","3":"status-publish","4":"has-post-thumbnail","6":"product_cat-accessories","7":"product_cat-construction-equipment","8":"product_cat-lifestyle","10":"first","11":"instock","12":"taxable","13":"shipping-taxable","14":"purchasable","15":"product-type-simple"},"acf":[],"_links":{"self":[{"href":"https:\/\/hyundaishop.eu\/de\/wp-json\/wp\/v2\/product\/767","targetHints":{"allow":["GET"]}}],"collection":[{"href":"https:\/\/hyundaishop.eu\/de\/wp-json\/wp\/v2\/product"}],"about":[{"href":"https:\/\/hyundaishop.eu\/de\/wp-json\/wp\/v2\/types\/product"}],"replies":[{"embeddable":true,"href":"https:\/\/hyundaishop.eu\/de\/wp-json\/wp\/v2\/comments?post=767"}],"wp:featuredmedia":[{"embeddable":true,"href":"https:\/\/hyundaishop.eu\/de\/wp-json\/wp\/v2\/media\/7030"}],"wp:attachment":[{"href":"https:\/\/hyundaishop.eu\/de\/wp-json\/wp\/v2\/media?parent=767"}],"wp:term":[{"taxonomy":"product_brand","embeddable":true,"href":"https:\/\/hyundaishop.eu\/de\/wp-json\/wp\/v2\/product_brand?post=767"},{"taxonomy":"product_cat","embeddable":true,"href":"https:\/\/hyundaishop.eu\/de\/wp-json\/wp\/v2\/product_cat?post=767"},{"taxonomy":"product_tag","embeddable":true,"href":"https:\/\/hyundaishop.eu\/de\/wp-json\/wp\/v2\/product_tag?post=767"}],"curies":[{"name":"wp","href":"https:\/\/api.w.org\/{rel}","templated":true}]}}