{"id":716,"date":"2024-03-22T11:16:55","date_gmt":"2024-03-22T11:16:55","guid":{"rendered":"https:\/\/hyundaishop.olbecreative.com\/shop\/uncategorized\/thermos-bottle\/"},"modified":"2026-04-09T08:20:25","modified_gmt":"2026-04-09T08:20:25","slug":"thermos-bottle","status":"publish","type":"product","link":"https:\/\/hyundaishop.eu\/de\/shop\/construction-equipment\/lifestyle\/drinkware\/thermos-bottle\/","title":{"rendered":"Thermos Bottle"},"content":{"rendered":"","protected":false},"excerpt":{"rendered":"<p>Unsere dunkelblaue Hyundai-Thermosflasche ist mit dem Hyundai-Logo verziert und hat ein elegantes Design. Mit dieser stilvollen und praktischen Flasche k\u00f6nnen Sie Ihre Getr\u00e4nke unterwegs warm oder kalt halten. Sie ist perfekt f\u00fcr den Weg zur Arbeit, Reisen oder Outdoor-Aktivit\u00e4ten. Mit einem Fassungsverm\u00f6gen von 500 ml k\u00f6nnen Sie den ganzen Tag \u00fcber ausreichend Fl\u00fcssigkeit zu sich nehmen.<\/p>","protected":false},"featured_media":3881,"comment_status":"open","ping_status":"closed","template":"","meta":{"_acf_changed":false},"product_brand":[],"product_cat":[177,199,38,20],"product_tag":[],"class_list":{"0":"post-716","1":"product","2":"type-product","3":"status-publish","4":"has-post-thumbnail","6":"product_cat-black-friday","7":"product_cat-construction-equipment","8":"product_cat-drinkware","9":"product_cat-lifestyle","11":"first","12":"instock","13":"taxable","14":"shipping-taxable","15":"purchasable","16":"product-type-simple"},"acf":[],"_links":{"self":[{"href":"https:\/\/hyundaishop.eu\/de\/wp-json\/wp\/v2\/product\/716","targetHints":{"allow":["GET"]}}],"collection":[{"href":"https:\/\/hyundaishop.eu\/de\/wp-json\/wp\/v2\/product"}],"about":[{"href":"https:\/\/hyundaishop.eu\/de\/wp-json\/wp\/v2\/types\/product"}],"replies":[{"embeddable":true,"href":"https:\/\/hyundaishop.eu\/de\/wp-json\/wp\/v2\/comments?post=716"}],"wp:featuredmedia":[{"embeddable":true,"href":"https:\/\/hyundaishop.eu\/de\/wp-json\/wp\/v2\/media\/3881"}],"wp:attachment":[{"href":"https:\/\/hyundaishop.eu\/de\/wp-json\/wp\/v2\/media?parent=716"}],"wp:term":[{"taxonomy":"product_brand","embeddable":true,"href":"https:\/\/hyundaishop.eu\/de\/wp-json\/wp\/v2\/product_brand?post=716"},{"taxonomy":"product_cat","embeddable":true,"href":"https:\/\/hyundaishop.eu\/de\/wp-json\/wp\/v2\/product_cat?post=716"},{"taxonomy":"product_tag","embeddable":true,"href":"https:\/\/hyundaishop.eu\/de\/wp-json\/wp\/v2\/product_tag?post=716"}],"curies":[{"name":"wp","href":"https:\/\/api.w.org\/{rel}","templated":true}]}}