{"id":709,"date":"2024-03-22T11:16:22","date_gmt":"2024-03-22T11:16:22","guid":{"rendered":"https:\/\/hyundaishop.olbecreative.com\/shop\/uncategorized\/polo-white-women\/"},"modified":"2026-02-26T14:42:32","modified_gmt":"2026-02-26T14:42:32","slug":"womens-polo-white","status":"publish","type":"product","link":"https:\/\/hyundaishop.eu\/de\/shop\/construction-equipment\/clothing\/tshirts-shirts\/womens-polo-white\/","title":{"rendered":"**Women&#8217;s Polo White"},"content":{"rendered":"","protected":false},"excerpt":{"rendered":"<p>Unser Hyundai Polo in Wei\u00df verbindet m\u00fchelos Stil, Komfort und Funktionalit\u00e4t f\u00fcr Ihren Alltag. Dieses klassische Design verf\u00fcgt \u00fcber ein Nackenband und einen Halbmond-Kragen, elegant erg\u00e4nzt durch eine Knopfleiste mit Ton-in-Ton-Kn\u00f6pfen, die Ihrem t\u00e4glichen Erscheinungsbild eine Nuance Raffinesse verleihen.<\/p>\n<p>Designed with women\u2019s comfort in mind, the polo offers a slightly shaped fit, ensuring a flattering silhouette without sacrificing ease of movement. Providing breathability and all-day comfort.<\/p>","protected":false},"featured_media":6556,"comment_status":"open","ping_status":"closed","template":"","meta":{"_acf_changed":false},"product_brand":[],"product_cat":[177,18,199,35],"product_tag":[],"class_list":{"0":"post-709","1":"product","2":"type-product","3":"status-publish","4":"has-post-thumbnail","6":"product_cat-black-friday","7":"product_cat-clothing","8":"product_cat-construction-equipment","9":"product_cat-tshirts-shirts","11":"first","12":"onbackorder","13":"taxable","14":"shipping-taxable","15":"product-type-variable"},"acf":[],"_links":{"self":[{"href":"https:\/\/hyundaishop.eu\/de\/wp-json\/wp\/v2\/product\/709","targetHints":{"allow":["GET"]}}],"collection":[{"href":"https:\/\/hyundaishop.eu\/de\/wp-json\/wp\/v2\/product"}],"about":[{"href":"https:\/\/hyundaishop.eu\/de\/wp-json\/wp\/v2\/types\/product"}],"replies":[{"embeddable":true,"href":"https:\/\/hyundaishop.eu\/de\/wp-json\/wp\/v2\/comments?post=709"}],"wp:featuredmedia":[{"embeddable":true,"href":"https:\/\/hyundaishop.eu\/de\/wp-json\/wp\/v2\/media\/6556"}],"wp:attachment":[{"href":"https:\/\/hyundaishop.eu\/de\/wp-json\/wp\/v2\/media?parent=709"}],"wp:term":[{"taxonomy":"product_brand","embeddable":true,"href":"https:\/\/hyundaishop.eu\/de\/wp-json\/wp\/v2\/product_brand?post=709"},{"taxonomy":"product_cat","embeddable":true,"href":"https:\/\/hyundaishop.eu\/de\/wp-json\/wp\/v2\/product_cat?post=709"},{"taxonomy":"product_tag","embeddable":true,"href":"https:\/\/hyundaishop.eu\/de\/wp-json\/wp\/v2\/product_tag?post=709"}],"curies":[{"name":"wp","href":"https:\/\/api.w.org\/{rel}","templated":true}]}}