{"id":679,"date":"2024-03-22T11:13:53","date_gmt":"2024-03-22T11:13:53","guid":{"rendered":"https:\/\/hyundaishop.olbecreative.com\/shop\/uncategorized\/mesh-cap\/"},"modified":"2026-04-09T08:20:09","modified_gmt":"2026-04-09T08:20:09","slug":"mesh-cap","status":"publish","type":"product","link":"https:\/\/hyundaishop.eu\/de\/shop\/construction-equipment\/clothing\/headwear\/mesh-cap\/","title":{"rendered":"Mesh Cap"},"content":{"rendered":"","protected":false},"excerpt":{"rendered":"<p>Mit unserem Hyundai-Logo verziert, kommt diese Kappe in einer Mischung aus Dunkelblau und Gr\u00fcn. Dank ihres atmungsaktiven Mesh-Designs bleiben Sie in jeder Situation k\u00fchl. Mit dem praktischen verstellbaren Riemen an der R\u00fcckseite k\u00f6nnen Sie die Mesh-Kappe an Ihre eigene Kopfgr\u00f6\u00dfe anpassen. Sie ist so konzipiert, dass Ihr Kopfbedeckungserlebnis wirklich individuell gestaltbar ist.<\/p>","protected":false},"featured_media":6567,"comment_status":"open","ping_status":"closed","template":"","meta":{"_acf_changed":false},"product_brand":[],"product_cat":[18,199,27],"product_tag":[],"class_list":{"0":"post-679","1":"product","2":"type-product","3":"status-publish","4":"has-post-thumbnail","6":"product_cat-clothing","7":"product_cat-construction-equipment","8":"product_cat-headwear","10":"first","11":"instock","12":"taxable","13":"shipping-taxable","14":"purchasable","15":"product-type-simple"},"acf":[],"_links":{"self":[{"href":"https:\/\/hyundaishop.eu\/de\/wp-json\/wp\/v2\/product\/679","targetHints":{"allow":["GET"]}}],"collection":[{"href":"https:\/\/hyundaishop.eu\/de\/wp-json\/wp\/v2\/product"}],"about":[{"href":"https:\/\/hyundaishop.eu\/de\/wp-json\/wp\/v2\/types\/product"}],"replies":[{"embeddable":true,"href":"https:\/\/hyundaishop.eu\/de\/wp-json\/wp\/v2\/comments?post=679"}],"wp:featuredmedia":[{"embeddable":true,"href":"https:\/\/hyundaishop.eu\/de\/wp-json\/wp\/v2\/media\/6567"}],"wp:attachment":[{"href":"https:\/\/hyundaishop.eu\/de\/wp-json\/wp\/v2\/media?parent=679"}],"wp:term":[{"taxonomy":"product_brand","embeddable":true,"href":"https:\/\/hyundaishop.eu\/de\/wp-json\/wp\/v2\/product_brand?post=679"},{"taxonomy":"product_cat","embeddable":true,"href":"https:\/\/hyundaishop.eu\/de\/wp-json\/wp\/v2\/product_cat?post=679"},{"taxonomy":"product_tag","embeddable":true,"href":"https:\/\/hyundaishop.eu\/de\/wp-json\/wp\/v2\/product_tag?post=679"}],"curies":[{"name":"wp","href":"https:\/\/api.w.org\/{rel}","templated":true}]}}