{"id":670,"date":"2024-03-22T11:13:11","date_gmt":"2024-03-22T11:13:11","guid":{"rendered":"https:\/\/hyundaishop.olbecreative.com\/shop\/uncategorized\/lanyard\/"},"modified":"2026-04-13T13:23:27","modified_gmt":"2026-04-13T13:23:27","slug":"lanyard","status":"publish","type":"product","link":"https:\/\/hyundaishop.eu\/de\/shop\/construction-equipment\/lifestyle\/office\/lanyard\/","title":{"rendered":"Lanyard"},"content":{"rendered":"","protected":false},"excerpt":{"rendered":"<p>Dieses praktische Schl\u00fcsselband ist mit einem hochwertigen Metallkarabinerhaken und Schl\u00fcsselring ausgestattet. Die blaue Kordel mit Hyundai-Logo verf\u00fcgt \u00fcber einen Sicherheitsverschluss, der unter Druck bricht und Sie bei der Arbeit mit schweren Ger\u00e4ten sch\u00fctzt. Perfekt, um Ihre Schl\u00fcssel sicher am K\u00f6rper zu tragen, aber auch geeignet f\u00fcr andere kleine, aber wichtige Gegenst\u00e4nde wie Ausweise.<\/p>","protected":false},"featured_media":1167,"comment_status":"open","ping_status":"closed","template":"","meta":{"_acf_changed":false},"product_brand":[],"product_cat":[199,20,39],"product_tag":[],"class_list":{"0":"post-670","1":"product","2":"type-product","3":"status-publish","4":"has-post-thumbnail","6":"product_cat-construction-equipment","7":"product_cat-lifestyle","8":"product_cat-office","10":"first","11":"instock","12":"taxable","13":"shipping-taxable","14":"purchasable","15":"product-type-simple"},"acf":[],"_links":{"self":[{"href":"https:\/\/hyundaishop.eu\/de\/wp-json\/wp\/v2\/product\/670","targetHints":{"allow":["GET"]}}],"collection":[{"href":"https:\/\/hyundaishop.eu\/de\/wp-json\/wp\/v2\/product"}],"about":[{"href":"https:\/\/hyundaishop.eu\/de\/wp-json\/wp\/v2\/types\/product"}],"replies":[{"embeddable":true,"href":"https:\/\/hyundaishop.eu\/de\/wp-json\/wp\/v2\/comments?post=670"}],"wp:featuredmedia":[{"embeddable":true,"href":"https:\/\/hyundaishop.eu\/de\/wp-json\/wp\/v2\/media\/1167"}],"wp:attachment":[{"href":"https:\/\/hyundaishop.eu\/de\/wp-json\/wp\/v2\/media?parent=670"}],"wp:term":[{"taxonomy":"product_brand","embeddable":true,"href":"https:\/\/hyundaishop.eu\/de\/wp-json\/wp\/v2\/product_brand?post=670"},{"taxonomy":"product_cat","embeddable":true,"href":"https:\/\/hyundaishop.eu\/de\/wp-json\/wp\/v2\/product_cat?post=670"},{"taxonomy":"product_tag","embeddable":true,"href":"https:\/\/hyundaishop.eu\/de\/wp-json\/wp\/v2\/product_tag?post=670"}],"curies":[{"name":"wp","href":"https:\/\/api.w.org\/{rel}","templated":true}]}}