{"id":5474,"date":"2025-02-06T11:42:47","date_gmt":"2025-02-06T11:42:47","guid":{"rendered":"https:\/\/hyundaishop.eu\/shop\/uncategorized\/mh-mesh-banner-3x1\/"},"modified":"2026-04-07T12:36:14","modified_gmt":"2026-04-07T12:36:14","slug":"mh-mesh-banner-300x100cm","status":"publish","type":"product","link":"https:\/\/hyundaishop.eu\/de\/shop\/uncategorized\/mh-mesh-banner-300x100cm\/","title":{"rendered":"MH Mesh Banner 300x100cm"},"content":{"rendered":"","protected":false},"excerpt":{"rendered":"<p>Wir pr\u00e4sentieren das Hyundai Mesh-Banner in Wei\u00df mit dem ikonischen Hyundai-Logo. Perfekt f\u00fcr Au\u00dfendisplays und Veranstaltungen, widersteht sein haltbares Mesh-Material dem Wetter und sorgt gleichzeitig f\u00fcr optimalen Luftdurchfluss. Die prominente Markenplatzierung gew\u00e4hrleistet maximale Sichtbarkeit und macht es zu einer wirkungsvollen Wahl, um Hyundais Qualit\u00e4t und Innovation zu pr\u00e4sentieren.<\/p>","protected":false},"featured_media":5488,"comment_status":"open","ping_status":"closed","template":"","meta":{"_acf_changed":false},"product_brand":[],"product_cat":[],"product_tag":[205],"class_list":{"0":"post-5474","1":"product","2":"type-product","3":"status-publish","4":"has-post-thumbnail","6":"product_tag-exclusive","8":"first","9":"instock","10":"taxable","11":"shipping-taxable","12":"purchasable","13":"product-type-simple"},"acf":[],"_links":{"self":[{"href":"https:\/\/hyundaishop.eu\/de\/wp-json\/wp\/v2\/product\/5474","targetHints":{"allow":["GET"]}}],"collection":[{"href":"https:\/\/hyundaishop.eu\/de\/wp-json\/wp\/v2\/product"}],"about":[{"href":"https:\/\/hyundaishop.eu\/de\/wp-json\/wp\/v2\/types\/product"}],"replies":[{"embeddable":true,"href":"https:\/\/hyundaishop.eu\/de\/wp-json\/wp\/v2\/comments?post=5474"}],"wp:featuredmedia":[{"embeddable":true,"href":"https:\/\/hyundaishop.eu\/de\/wp-json\/wp\/v2\/media\/5488"}],"wp:attachment":[{"href":"https:\/\/hyundaishop.eu\/de\/wp-json\/wp\/v2\/media?parent=5474"}],"wp:term":[{"taxonomy":"product_brand","embeddable":true,"href":"https:\/\/hyundaishop.eu\/de\/wp-json\/wp\/v2\/product_brand?post=5474"},{"taxonomy":"product_cat","embeddable":true,"href":"https:\/\/hyundaishop.eu\/de\/wp-json\/wp\/v2\/product_cat?post=5474"},{"taxonomy":"product_tag","embeddable":true,"href":"https:\/\/hyundaishop.eu\/de\/wp-json\/wp\/v2\/product_tag?post=5474"}],"curies":[{"name":"wp","href":"https:\/\/api.w.org\/{rel}","templated":true}]}}