{"id":5157,"date":"2025-01-02T14:58:45","date_gmt":"2025-01-02T14:58:45","guid":{"rendered":"https:\/\/hyundaishop.eu\/shop\/uncategorized\/unisex-navy-jacket-2\/"},"modified":"2026-03-26T13:49:59","modified_gmt":"2026-03-26T13:49:59","slug":"mh-unisex-navy-jacket","status":"publish","type":"product","link":"https:\/\/hyundaishop.eu\/de\/shop\/material-handling\/clothing-material-handling\/mh-unisex-navy-jacket\/","title":{"rendered":"MH Unisex Navy Jacket"},"content":{"rendered":"","protected":false},"excerpt":{"rendered":"<p>Die Hyundai Marineblaue Jacke ist ein leichtes, unverzichtbares Kleidungsst\u00fcck f\u00fcr die \u00dcbergangszeit. Aus hochwertigen Materialien gefertigt, bietet sie sowohl Stil als auch Funktionalit\u00e4t. Bleiben Sie warm, ohne sich beschwert zu f\u00fchlen, in dieser vielseitigen marineblauen Jacke, die so konzipiert ist, dass sie jedes Outfit erg\u00e4nzt.<\/p>","protected":false},"featured_media":5162,"comment_status":"open","ping_status":"closed","template":"","meta":{"_acf_changed":false},"product_brand":[],"product_cat":[193,191],"product_tag":[],"class_list":{"0":"post-5157","1":"product","2":"type-product","3":"status-publish","4":"has-post-thumbnail","6":"product_cat-clothing-material-handling","7":"product_cat-material-handling","9":"first","10":"instock","11":"taxable","12":"shipping-taxable","13":"purchasable","14":"product-type-variable"},"acf":[],"_links":{"self":[{"href":"https:\/\/hyundaishop.eu\/de\/wp-json\/wp\/v2\/product\/5157","targetHints":{"allow":["GET"]}}],"collection":[{"href":"https:\/\/hyundaishop.eu\/de\/wp-json\/wp\/v2\/product"}],"about":[{"href":"https:\/\/hyundaishop.eu\/de\/wp-json\/wp\/v2\/types\/product"}],"replies":[{"embeddable":true,"href":"https:\/\/hyundaishop.eu\/de\/wp-json\/wp\/v2\/comments?post=5157"}],"wp:featuredmedia":[{"embeddable":true,"href":"https:\/\/hyundaishop.eu\/de\/wp-json\/wp\/v2\/media\/5162"}],"wp:attachment":[{"href":"https:\/\/hyundaishop.eu\/de\/wp-json\/wp\/v2\/media?parent=5157"}],"wp:term":[{"taxonomy":"product_brand","embeddable":true,"href":"https:\/\/hyundaishop.eu\/de\/wp-json\/wp\/v2\/product_brand?post=5157"},{"taxonomy":"product_cat","embeddable":true,"href":"https:\/\/hyundaishop.eu\/de\/wp-json\/wp\/v2\/product_cat?post=5157"},{"taxonomy":"product_tag","embeddable":true,"href":"https:\/\/hyundaishop.eu\/de\/wp-json\/wp\/v2\/product_tag?post=5157"}],"curies":[{"name":"wp","href":"https:\/\/api.w.org\/{rel}","templated":true}]}}