{"id":5103,"date":"2025-01-02T13:46:44","date_gmt":"2025-01-02T13:46:44","guid":{"rendered":"https:\/\/hyundaishop.eu\/shop\/uncategorized\/mh-womens-mascot-shell-jacket\/"},"modified":"2026-01-29T07:20:30","modified_gmt":"2026-01-29T07:20:30","slug":"mh-womens-mascot-shell-jacket","status":"publish","type":"product","link":"https:\/\/hyundaishop.eu\/de\/shop\/material-handling\/clothing-material-handling\/mh-womens-mascot-shell-jacket\/","title":{"rendered":"MH Women&#8217;s Mascot Shell Jacket"},"content":{"rendered":"","protected":false},"excerpt":{"rendered":"<p>\u00b7 Atmungsaktiv, wind- und wasserdicht mit versiegelten N\u00e4hten.<br \/>\n\u00b7 Abnehmbare gef\u00fctterte Kapuze mit verstellbarem elastischem Zugband.<br \/>\n\u00b7 Abnehmbarer Ausweishalter.<br \/>\n\u00b7 Elastische Anpassung an der Taille.<br \/>\n\u00b7 Erh\u00f6hte Sichtbarkeit durch Reflektoren.<br \/>\n\u00b7 Verschluss mit Rei\u00dfverschluss und innerer Windschutzleiste, um Wind fernzuhalten.<br \/>\n\u00b7 Gerippte B\u00fcndchen, um die K\u00e4lte drau\u00dfen zu halten.<br \/>\n\u00b7 \u00c4rmel mit CORDURA\u00ae-Verst\u00e4rkung.<br \/>\n\u00b7 Speziell f\u00fcr Frauen entworfen und angepasst.<br \/>\n\u00b7 Verschluss mit Rei\u00dfverschluss und innerer Windschutzleiste, um Wind fernzuhalten.<\/p>\n<p>Mascot ist weltweit f\u00fcr hochwertige Arbeitskleidung bekannt. Diese HD Hyundai-Markenjacke von Mascot bietet besten Komfort und erstklassige Verarbeitung. Tragen Sie diese Shelljacke \u00fcber Ihrem HD Hyundai Marken-Poloshirt und Mascot-Gilet f\u00fcr Komfort und Stil bei k\u00fchlerem Wetter.<\/p>","protected":false},"featured_media":5146,"comment_status":"open","ping_status":"closed","template":"","meta":{"_acf_changed":false},"product_brand":[],"product_cat":[193,191],"product_tag":[],"class_list":{"0":"post-5103","1":"product","2":"type-product","3":"status-publish","4":"has-post-thumbnail","6":"product_cat-clothing-material-handling","7":"product_cat-material-handling","9":"first","10":"instock","11":"taxable","12":"shipping-taxable","13":"purchasable","14":"product-type-variable"},"acf":[],"_links":{"self":[{"href":"https:\/\/hyundaishop.eu\/de\/wp-json\/wp\/v2\/product\/5103","targetHints":{"allow":["GET"]}}],"collection":[{"href":"https:\/\/hyundaishop.eu\/de\/wp-json\/wp\/v2\/product"}],"about":[{"href":"https:\/\/hyundaishop.eu\/de\/wp-json\/wp\/v2\/types\/product"}],"replies":[{"embeddable":true,"href":"https:\/\/hyundaishop.eu\/de\/wp-json\/wp\/v2\/comments?post=5103"}],"wp:featuredmedia":[{"embeddable":true,"href":"https:\/\/hyundaishop.eu\/de\/wp-json\/wp\/v2\/media\/5146"}],"wp:attachment":[{"href":"https:\/\/hyundaishop.eu\/de\/wp-json\/wp\/v2\/media?parent=5103"}],"wp:term":[{"taxonomy":"product_brand","embeddable":true,"href":"https:\/\/hyundaishop.eu\/de\/wp-json\/wp\/v2\/product_brand?post=5103"},{"taxonomy":"product_cat","embeddable":true,"href":"https:\/\/hyundaishop.eu\/de\/wp-json\/wp\/v2\/product_cat?post=5103"},{"taxonomy":"product_tag","embeddable":true,"href":"https:\/\/hyundaishop.eu\/de\/wp-json\/wp\/v2\/product_tag?post=5103"}],"curies":[{"name":"wp","href":"https:\/\/api.w.org\/{rel}","templated":true}]}}