{"id":5096,"date":"2025-01-02T13:45:56","date_gmt":"2025-01-02T13:45:56","guid":{"rendered":"https:\/\/hyundaishop.eu\/shop\/uncategorized\/mh-water-bottle\/"},"modified":"2026-04-09T08:23:41","modified_gmt":"2026-04-09T08:23:41","slug":"mh-water-bottle","status":"publish","type":"product","link":"https:\/\/hyundaishop.eu\/de\/shop\/material-handling\/merchandise\/mh-water-bottle\/","title":{"rendered":"MH Water Bottle"},"content":{"rendered":"","protected":false},"excerpt":{"rendered":"<p>Diese auslaufsichere Hyundai-Wasserflasche verbindet m\u00fchelos Stil und Funktionalit\u00e4t. Mit einem Fassungsverm\u00f6gen von 620 ml sorgt sie daf\u00fcr, dass Sie den ganzen Tag \u00fcber hydratisiert bleiben. Der Schraubverschluss mit sch\u00f6ner Metallic-Oberfl\u00e4che erg\u00e4nzt den farblich passenden Korpus und macht die Flasche ebenso stilvoll wie praktisch. Diese BPA-freie Wasserflasche ist nur f\u00fcr kaltes Wasser konzipiert und sowohl sicher als auch bequem f\u00fcr den t\u00e4glichen Gebrauch.<\/p>","protected":false},"featured_media":5110,"comment_status":"open","ping_status":"closed","template":"","meta":{"_acf_changed":false},"product_brand":[],"product_cat":[191,192],"product_tag":[],"class_list":{"0":"post-5096","1":"product","2":"type-product","3":"status-publish","4":"has-post-thumbnail","6":"product_cat-material-handling","7":"product_cat-merchandise","9":"first","10":"instock","11":"taxable","12":"shipping-taxable","13":"purchasable","14":"product-type-simple"},"acf":[],"_links":{"self":[{"href":"https:\/\/hyundaishop.eu\/de\/wp-json\/wp\/v2\/product\/5096","targetHints":{"allow":["GET"]}}],"collection":[{"href":"https:\/\/hyundaishop.eu\/de\/wp-json\/wp\/v2\/product"}],"about":[{"href":"https:\/\/hyundaishop.eu\/de\/wp-json\/wp\/v2\/types\/product"}],"replies":[{"embeddable":true,"href":"https:\/\/hyundaishop.eu\/de\/wp-json\/wp\/v2\/comments?post=5096"}],"wp:featuredmedia":[{"embeddable":true,"href":"https:\/\/hyundaishop.eu\/de\/wp-json\/wp\/v2\/media\/5110"}],"wp:attachment":[{"href":"https:\/\/hyundaishop.eu\/de\/wp-json\/wp\/v2\/media?parent=5096"}],"wp:term":[{"taxonomy":"product_brand","embeddable":true,"href":"https:\/\/hyundaishop.eu\/de\/wp-json\/wp\/v2\/product_brand?post=5096"},{"taxonomy":"product_cat","embeddable":true,"href":"https:\/\/hyundaishop.eu\/de\/wp-json\/wp\/v2\/product_cat?post=5096"},{"taxonomy":"product_tag","embeddable":true,"href":"https:\/\/hyundaishop.eu\/de\/wp-json\/wp\/v2\/product_tag?post=5096"}],"curies":[{"name":"wp","href":"https:\/\/api.w.org\/{rel}","templated":true}]}}