{"id":5090,"date":"2025-01-02T13:03:41","date_gmt":"2025-01-02T13:03:41","guid":{"rendered":"https:\/\/hyundaishop.eu\/shop\/uncategorized\/mh-drawstring-bag\/"},"modified":"2026-04-09T08:23:37","modified_gmt":"2026-04-09T08:23:37","slug":"mh-drawstring-bag","status":"publish","type":"product","link":"https:\/\/hyundaishop.eu\/de\/shop\/material-handling\/merchandise\/mh-drawstring-bag\/","title":{"rendered":"MH Drawstring Bag"},"content":{"rendered":"","protected":false},"excerpt":{"rendered":"<p>Dieser leichte Turnbeutel eignet sich perfekt zum Tragen Ihrer pers\u00f6nlichen Gegenst\u00e4nde. Der Beutel l\u00e4sst sich einfach mit den Zugb\u00e4ndern verschlie\u00dfen.<\/p>","protected":false},"featured_media":5091,"comment_status":"open","ping_status":"closed","template":"","meta":{"_acf_changed":false},"product_brand":[],"product_cat":[191,192],"product_tag":[],"class_list":{"0":"post-5090","1":"product","2":"type-product","3":"status-publish","4":"has-post-thumbnail","6":"product_cat-material-handling","7":"product_cat-merchandise","9":"first","10":"instock","11":"taxable","12":"shipping-taxable","13":"purchasable","14":"product-type-simple"},"acf":[],"_links":{"self":[{"href":"https:\/\/hyundaishop.eu\/de\/wp-json\/wp\/v2\/product\/5090","targetHints":{"allow":["GET"]}}],"collection":[{"href":"https:\/\/hyundaishop.eu\/de\/wp-json\/wp\/v2\/product"}],"about":[{"href":"https:\/\/hyundaishop.eu\/de\/wp-json\/wp\/v2\/types\/product"}],"replies":[{"embeddable":true,"href":"https:\/\/hyundaishop.eu\/de\/wp-json\/wp\/v2\/comments?post=5090"}],"wp:featuredmedia":[{"embeddable":true,"href":"https:\/\/hyundaishop.eu\/de\/wp-json\/wp\/v2\/media\/5091"}],"wp:attachment":[{"href":"https:\/\/hyundaishop.eu\/de\/wp-json\/wp\/v2\/media?parent=5090"}],"wp:term":[{"taxonomy":"product_brand","embeddable":true,"href":"https:\/\/hyundaishop.eu\/de\/wp-json\/wp\/v2\/product_brand?post=5090"},{"taxonomy":"product_cat","embeddable":true,"href":"https:\/\/hyundaishop.eu\/de\/wp-json\/wp\/v2\/product_cat?post=5090"},{"taxonomy":"product_tag","embeddable":true,"href":"https:\/\/hyundaishop.eu\/de\/wp-json\/wp\/v2\/product_tag?post=5090"}],"curies":[{"name":"wp","href":"https:\/\/api.w.org\/{rel}","templated":true}]}}