{"id":4911,"date":"2025-01-10T08:30:11","date_gmt":"2025-01-10T08:30:11","guid":{"rendered":"https:\/\/hyundaishop.eu\/?post_type=product&#038;p=4911"},"modified":"2025-01-10T08:35:02","modified_gmt":"2025-01-10T08:35:02","slug":"mens-mascot-shell-jacket-cb","status":"publish","type":"product","link":"https:\/\/hyundaishop.eu\/de\/shop\/co-branding\/mens-mascot-shell-jacket-cb\/","title":{"rendered":"Men&#8217;s Mascot Shell Jacket (CB)"},"content":{"rendered":"","protected":false},"excerpt":{"rendered":"<p>\u00b7 Atmungsaktiv, wind- und wasserdicht mit versiegelten N\u00e4hten.<br \/>\n\u00b7 Abnehmbare gef\u00fctterte Kapuze mit verstellbarem elastischem Zugband.<br \/>\n\u00b7 Abnehmbarer Ausweishalter.<br \/>\n\u00b7 Erh\u00f6hte Sichtbarkeit durch Reflektoren.<br \/>\n\u00b7 Verschluss mit Rei\u00dfverschluss und innerer Windschutzleiste, um Wind fernzuhalten.<br \/>\n\u00b7 Gerippte B\u00fcndchen, um die K\u00e4lte drau\u00dfen zu halten.<br \/>\n\u00b7 \u00c4rmel mit CORDURA\u00ae-Verst\u00e4rkung.<br \/>\n\u00b7 Verschluss mit Rei\u00dfverschluss und innerer Windschutzleiste, um Wind fernzuhalten.<\/p>\n<p>Mascot ist weltweit f\u00fcr hochwertige Arbeitskleidung bekannt. Diese HD Hyundai-Markenjacke von Mascot bietet besten Komfort und erstklassige Verarbeitung. Tragen Sie diese Shelljacke \u00fcber Ihrem HD Hyundai Marken-Poloshirt und Mascot-Gilet f\u00fcr Komfort und Stil bei k\u00fchlerem Wetter.<\/p>","protected":false},"featured_media":4927,"comment_status":"open","ping_status":"closed","template":"","meta":{"_acf_changed":false},"product_brand":[],"product_cat":[68],"product_tag":[],"class_list":{"0":"post-4911","1":"product","2":"type-product","3":"status-publish","4":"has-post-thumbnail","6":"product_cat-co-branding","8":"first","9":"instock","10":"taxable","11":"shipping-taxable","12":"purchasable","13":"product-type-variable"},"acf":[],"_links":{"self":[{"href":"https:\/\/hyundaishop.eu\/de\/wp-json\/wp\/v2\/product\/4911","targetHints":{"allow":["GET"]}}],"collection":[{"href":"https:\/\/hyundaishop.eu\/de\/wp-json\/wp\/v2\/product"}],"about":[{"href":"https:\/\/hyundaishop.eu\/de\/wp-json\/wp\/v2\/types\/product"}],"replies":[{"embeddable":true,"href":"https:\/\/hyundaishop.eu\/de\/wp-json\/wp\/v2\/comments?post=4911"}],"wp:featuredmedia":[{"embeddable":true,"href":"https:\/\/hyundaishop.eu\/de\/wp-json\/wp\/v2\/media\/4927"}],"wp:attachment":[{"href":"https:\/\/hyundaishop.eu\/de\/wp-json\/wp\/v2\/media?parent=4911"}],"wp:term":[{"taxonomy":"product_brand","embeddable":true,"href":"https:\/\/hyundaishop.eu\/de\/wp-json\/wp\/v2\/product_brand?post=4911"},{"taxonomy":"product_cat","embeddable":true,"href":"https:\/\/hyundaishop.eu\/de\/wp-json\/wp\/v2\/product_cat?post=4911"},{"taxonomy":"product_tag","embeddable":true,"href":"https:\/\/hyundaishop.eu\/de\/wp-json\/wp\/v2\/product_tag?post=4911"}],"curies":[{"name":"wp","href":"https:\/\/api.w.org\/{rel}","templated":true}]}}