{"id":4855,"date":"2025-01-10T08:29:32","date_gmt":"2025-01-10T08:29:32","guid":{"rendered":"https:\/\/hyundaishop.eu\/?post_type=product&#038;p=4855"},"modified":"2025-01-10T08:38:54","modified_gmt":"2025-01-10T08:38:54","slug":"womens-polo-white-cb","status":"publish","type":"product","link":"https:\/\/hyundaishop.eu\/de\/shop\/co-branding\/womens-polo-white-cb\/","title":{"rendered":"Women&#8217;s Polo White (CB)"},"content":{"rendered":"","protected":false},"excerpt":{"rendered":"<p>Unser Hyundai Polo in Wei\u00df verbindet m\u00fchelos Stil, Komfort und Funktionalit\u00e4t f\u00fcr Ihren Alltag. Dieses klassische Design verf\u00fcgt \u00fcber ein Nackenband und einen Halbmond-Kragen, elegant erg\u00e4nzt durch eine Knopfleiste mit Ton-in-Ton-Kn\u00f6pfen, die Ihrem t\u00e4glichen Erscheinungsbild eine Nuance Raffinesse verleihen.<\/p>\n<p>Designed with women\u2019s comfort in mind, the polo offers a slightly shaped fit, ensuring a flattering silhouette without sacrificing ease of movement. Providing breathability and all-day comfort.<\/p>","protected":false},"featured_media":4864,"comment_status":"open","ping_status":"closed","template":"","meta":{"_acf_changed":false},"product_brand":[],"product_cat":[68],"product_tag":[],"class_list":{"0":"post-4855","1":"product","2":"type-product","3":"status-publish","4":"has-post-thumbnail","6":"product_cat-co-branding","8":"first","9":"instock","10":"taxable","11":"shipping-taxable","12":"purchasable","13":"product-type-variable"},"acf":[],"_links":{"self":[{"href":"https:\/\/hyundaishop.eu\/de\/wp-json\/wp\/v2\/product\/4855","targetHints":{"allow":["GET"]}}],"collection":[{"href":"https:\/\/hyundaishop.eu\/de\/wp-json\/wp\/v2\/product"}],"about":[{"href":"https:\/\/hyundaishop.eu\/de\/wp-json\/wp\/v2\/types\/product"}],"replies":[{"embeddable":true,"href":"https:\/\/hyundaishop.eu\/de\/wp-json\/wp\/v2\/comments?post=4855"}],"wp:featuredmedia":[{"embeddable":true,"href":"https:\/\/hyundaishop.eu\/de\/wp-json\/wp\/v2\/media\/4864"}],"wp:attachment":[{"href":"https:\/\/hyundaishop.eu\/de\/wp-json\/wp\/v2\/media?parent=4855"}],"wp:term":[{"taxonomy":"product_brand","embeddable":true,"href":"https:\/\/hyundaishop.eu\/de\/wp-json\/wp\/v2\/product_brand?post=4855"},{"taxonomy":"product_cat","embeddable":true,"href":"https:\/\/hyundaishop.eu\/de\/wp-json\/wp\/v2\/product_cat?post=4855"},{"taxonomy":"product_tag","embeddable":true,"href":"https:\/\/hyundaishop.eu\/de\/wp-json\/wp\/v2\/product_tag?post=4855"}],"curies":[{"name":"wp","href":"https:\/\/api.w.org\/{rel}","templated":true}]}}