{"id":4640,"date":"2024-11-07T13:22:24","date_gmt":"2024-11-07T13:22:24","guid":{"rendered":"https:\/\/hyundaishop.eu\/shop\/uncategorized\/carpenter-ruler\/"},"modified":"2026-04-09T08:20:48","modified_gmt":"2026-04-09T08:20:48","slug":"carpenter-ruler","status":"publish","type":"product","link":"https:\/\/hyundaishop.eu\/de\/shop\/construction-equipment\/lifestyle\/accessories\/carpenter-ruler\/","title":{"rendered":"Tischler Lineal"},"content":{"rendered":"","protected":false},"excerpt":{"rendered":"<p>Pr\u00e4sentieren Sie unser faltbares 2-Meter-Zimmermannsma\u00df aus hochwertigem Birkenholz. Dieses Messwerkzeug verf\u00fcgt \u00fcber klare Zentimeter-Markierungen (cm), die es perfekt f\u00fcr pr\u00e4zise Messungen in der Holzverarbeitung und anderen Projekten machen. Das kompakte Design erm\u00f6glicht eine einfache Aufbewahrung und Tragbarkeit, sodass Sie es \u00fcberall hin mitnehmen k\u00f6nnen, wo Ihre Arbeit Sie hinf\u00fchrt.<\/p>","protected":false},"featured_media":5966,"comment_status":"open","ping_status":"closed","template":"","meta":{"_acf_changed":false},"product_brand":[],"product_cat":[175,199,20],"product_tag":[],"class_list":{"0":"post-4640","1":"product","2":"type-product","3":"status-publish","4":"has-post-thumbnail","6":"product_cat-accessories","7":"product_cat-construction-equipment","8":"product_cat-lifestyle","10":"first","11":"instock","12":"taxable","13":"shipping-taxable","14":"purchasable","15":"product-type-simple"},"acf":[],"_links":{"self":[{"href":"https:\/\/hyundaishop.eu\/de\/wp-json\/wp\/v2\/product\/4640","targetHints":{"allow":["GET"]}}],"collection":[{"href":"https:\/\/hyundaishop.eu\/de\/wp-json\/wp\/v2\/product"}],"about":[{"href":"https:\/\/hyundaishop.eu\/de\/wp-json\/wp\/v2\/types\/product"}],"replies":[{"embeddable":true,"href":"https:\/\/hyundaishop.eu\/de\/wp-json\/wp\/v2\/comments?post=4640"}],"wp:featuredmedia":[{"embeddable":true,"href":"https:\/\/hyundaishop.eu\/de\/wp-json\/wp\/v2\/media\/5966"}],"wp:attachment":[{"href":"https:\/\/hyundaishop.eu\/de\/wp-json\/wp\/v2\/media?parent=4640"}],"wp:term":[{"taxonomy":"product_brand","embeddable":true,"href":"https:\/\/hyundaishop.eu\/de\/wp-json\/wp\/v2\/product_brand?post=4640"},{"taxonomy":"product_cat","embeddable":true,"href":"https:\/\/hyundaishop.eu\/de\/wp-json\/wp\/v2\/product_cat?post=4640"},{"taxonomy":"product_tag","embeddable":true,"href":"https:\/\/hyundaishop.eu\/de\/wp-json\/wp\/v2\/product_tag?post=4640"}],"curies":[{"name":"wp","href":"https:\/\/api.w.org\/{rel}","templated":true}]}}