{"id":4573,"date":"2024-10-31T15:06:58","date_gmt":"2024-10-31T15:06:58","guid":{"rendered":"https:\/\/hyundaishop.eu\/shop\/uncategorized\/mens-cardigan-grey\/"},"modified":"2026-04-09T09:05:47","modified_gmt":"2026-04-09T09:05:47","slug":"mens-cardigan-grey","status":"publish","type":"product","link":"https:\/\/hyundaishop.eu\/de\/shop\/construction-equipment\/clothing\/hoodies-sweaters\/mens-cardigan-grey\/","title":{"rendered":"Men&#8217;s Cardigan Grey"},"content":{"rendered":"","protected":false},"excerpt":{"rendered":"<p>Unser grauer Cardigan ist eine vielseitige Schicht, die zeitloses Design und Komfort vereint. Aus einer weichen, hochwertigen Stoffmischung gefertigt, bietet dieser Cardigan W\u00e4rme ohne zus\u00e4tzliches Volumen und ist perfekt f\u00fcr sowohl berufliche als auch legere Anl\u00e4sse. Sein klassischer Schnitt mit Knopfverschluss und gerippten B\u00fcndchen und Saum sorgt f\u00fcr einen eleganten und passgenauen Look. M\u00fchelos stilvoll, l\u00e4sst sich dieser graue Cardigan ideal \u00fcber Hemden oder T-Shirts tragen und verleiht jedem Outfit einen Hauch von Raffinesse.<\/p>","protected":false},"featured_media":5598,"comment_status":"open","ping_status":"closed","template":"","meta":{"_acf_changed":false},"product_brand":[],"product_cat":[18,174],"product_tag":[204],"class_list":{"0":"post-4573","1":"product","2":"type-product","3":"status-publish","4":"has-post-thumbnail","6":"product_cat-clothing","7":"product_cat-hoodies-sweaters","8":"product_tag-seasonal","10":"first","11":"instock","12":"taxable","13":"shipping-taxable","14":"purchasable","15":"product-type-variable"},"acf":[],"_links":{"self":[{"href":"https:\/\/hyundaishop.eu\/de\/wp-json\/wp\/v2\/product\/4573","targetHints":{"allow":["GET"]}}],"collection":[{"href":"https:\/\/hyundaishop.eu\/de\/wp-json\/wp\/v2\/product"}],"about":[{"href":"https:\/\/hyundaishop.eu\/de\/wp-json\/wp\/v2\/types\/product"}],"replies":[{"embeddable":true,"href":"https:\/\/hyundaishop.eu\/de\/wp-json\/wp\/v2\/comments?post=4573"}],"wp:featuredmedia":[{"embeddable":true,"href":"https:\/\/hyundaishop.eu\/de\/wp-json\/wp\/v2\/media\/5598"}],"wp:attachment":[{"href":"https:\/\/hyundaishop.eu\/de\/wp-json\/wp\/v2\/media?parent=4573"}],"wp:term":[{"taxonomy":"product_brand","embeddable":true,"href":"https:\/\/hyundaishop.eu\/de\/wp-json\/wp\/v2\/product_brand?post=4573"},{"taxonomy":"product_cat","embeddable":true,"href":"https:\/\/hyundaishop.eu\/de\/wp-json\/wp\/v2\/product_cat?post=4573"},{"taxonomy":"product_tag","embeddable":true,"href":"https:\/\/hyundaishop.eu\/de\/wp-json\/wp\/v2\/product_tag?post=4573"}],"curies":[{"name":"wp","href":"https:\/\/api.w.org\/{rel}","templated":true}]}}