{"id":4559,"date":"2024-10-31T15:05:39","date_gmt":"2024-10-31T15:05:39","guid":{"rendered":"https:\/\/hyundaishop.eu\/shop\/uncategorized\/unisex-hoodie-green\/"},"modified":"2026-04-09T09:02:07","modified_gmt":"2026-04-09T09:02:07","slug":"unisex-hoodie-green","status":"publish","type":"product","link":"https:\/\/hyundaishop.eu\/de\/shop\/construction-equipment\/clothing\/hoodies-sweaters\/unisex-hoodie-green\/","title":{"rendered":"Unisex Hoodie Green"},"content":{"rendered":"","protected":false},"excerpt":{"rendered":"<p>Dieser Unisex-Hoodie vereint Stil und Vielseitigkeit und verf\u00fcgt \u00fcber 2x2 Rippb\u00fcndchen mit Elastan an den Manschetten und am Saum f\u00fcr eine bequeme, flexible Passform. Die Rei\u00dfverschlussschieber sind anpassbar und k\u00f6nnen durch verschiedene Farben ersetzt werden, um den Stil oder das Logo Ihrer Marke zu erg\u00e4nzen und Ihrem Team einen pers\u00f6nlichen Look zu verleihen. Oeko-Tex 100 zertifiziert, erf\u00fcllt dieser Hoodie strenge Umwelt- und Sicherheitsstandards und sorgt f\u00fcr Qualit\u00e4t und Nachhaltigkeit.<\/p>","protected":false},"featured_media":6504,"comment_status":"open","ping_status":"closed","template":"","meta":{"_acf_changed":false},"product_brand":[],"product_cat":[18,174],"product_tag":[],"class_list":{"0":"post-4559","1":"product","2":"type-product","3":"status-publish","4":"has-post-thumbnail","6":"product_cat-clothing","7":"product_cat-hoodies-sweaters","9":"first","10":"instock","11":"taxable","12":"shipping-taxable","13":"purchasable","14":"product-type-variable"},"acf":[],"_links":{"self":[{"href":"https:\/\/hyundaishop.eu\/de\/wp-json\/wp\/v2\/product\/4559","targetHints":{"allow":["GET"]}}],"collection":[{"href":"https:\/\/hyundaishop.eu\/de\/wp-json\/wp\/v2\/product"}],"about":[{"href":"https:\/\/hyundaishop.eu\/de\/wp-json\/wp\/v2\/types\/product"}],"replies":[{"embeddable":true,"href":"https:\/\/hyundaishop.eu\/de\/wp-json\/wp\/v2\/comments?post=4559"}],"wp:featuredmedia":[{"embeddable":true,"href":"https:\/\/hyundaishop.eu\/de\/wp-json\/wp\/v2\/media\/6504"}],"wp:attachment":[{"href":"https:\/\/hyundaishop.eu\/de\/wp-json\/wp\/v2\/media?parent=4559"}],"wp:term":[{"taxonomy":"product_brand","embeddable":true,"href":"https:\/\/hyundaishop.eu\/de\/wp-json\/wp\/v2\/product_brand?post=4559"},{"taxonomy":"product_cat","embeddable":true,"href":"https:\/\/hyundaishop.eu\/de\/wp-json\/wp\/v2\/product_cat?post=4559"},{"taxonomy":"product_tag","embeddable":true,"href":"https:\/\/hyundaishop.eu\/de\/wp-json\/wp\/v2\/product_tag?post=4559"}],"curies":[{"name":"wp","href":"https:\/\/api.w.org\/{rel}","templated":true}]}}