{"id":4552,"date":"2024-10-31T15:05:07","date_gmt":"2024-10-31T15:05:07","guid":{"rendered":"https:\/\/hyundaishop.eu\/shop\/uncategorized\/mens-sweatshirt-14-zip-navy\/"},"modified":"2026-04-14T14:53:48","modified_gmt":"2026-04-14T14:53:48","slug":"mens-sweatshirt-14-zip-navy","status":"publish","type":"product","link":"https:\/\/hyundaishop.eu\/de\/shop\/construction-equipment\/clothing\/hoodies-sweaters\/mens-sweatshirt-14-zip-navy\/","title":{"rendered":"Men&#8217;s Sweatshirt 1\/4 Zip Navy"},"content":{"rendered":"","protected":false},"excerpt":{"rendered":"<p>\"Dieser klassische Sweater vereint langlebige Qualit\u00e4t mit zeitlosem Stil und verf\u00fcgt \u00fcber einen hohen Kragen mit Rei\u00dfverschluss am Hals f\u00fcr einfaches Layering. Ausgestattet mit einem bequemen Nackenband, einem Halbmonddetail am Kragen sowie Rippb\u00fcndchen an \u00c4rmeln und Saum bietet er eine strukturierte, aber entspannte Passform. Das ungeb\u00fcrstete Innenmaterial sorgt f\u00fcr angenehme W\u00e4rme ohne zus\u00e4tzliches Volumen und ist ideal f\u00fcr den Alltag oder sportliche Aktivit\u00e4ten. Ein vielseitiges Kleidungsst\u00fcck f\u00fcr k\u00fchlere Tage \u2013 dieser marineblaue Zip-Sweater ist ein Muss f\u00fcr jede Garderobe.\n\"<\/p>","protected":false},"featured_media":5600,"comment_status":"open","ping_status":"closed","template":"","meta":{"_acf_changed":false},"product_brand":[],"product_cat":[18,174],"product_tag":[],"class_list":{"0":"post-4552","1":"product","2":"type-product","3":"status-publish","4":"has-post-thumbnail","6":"product_cat-clothing","7":"product_cat-hoodies-sweaters","9":"first","10":"instock","11":"taxable","12":"shipping-taxable","13":"purchasable","14":"product-type-variable"},"acf":[],"_links":{"self":[{"href":"https:\/\/hyundaishop.eu\/de\/wp-json\/wp\/v2\/product\/4552","targetHints":{"allow":["GET"]}}],"collection":[{"href":"https:\/\/hyundaishop.eu\/de\/wp-json\/wp\/v2\/product"}],"about":[{"href":"https:\/\/hyundaishop.eu\/de\/wp-json\/wp\/v2\/types\/product"}],"replies":[{"embeddable":true,"href":"https:\/\/hyundaishop.eu\/de\/wp-json\/wp\/v2\/comments?post=4552"}],"wp:featuredmedia":[{"embeddable":true,"href":"https:\/\/hyundaishop.eu\/de\/wp-json\/wp\/v2\/media\/5600"}],"wp:attachment":[{"href":"https:\/\/hyundaishop.eu\/de\/wp-json\/wp\/v2\/media?parent=4552"}],"wp:term":[{"taxonomy":"product_brand","embeddable":true,"href":"https:\/\/hyundaishop.eu\/de\/wp-json\/wp\/v2\/product_brand?post=4552"},{"taxonomy":"product_cat","embeddable":true,"href":"https:\/\/hyundaishop.eu\/de\/wp-json\/wp\/v2\/product_cat?post=4552"},{"taxonomy":"product_tag","embeddable":true,"href":"https:\/\/hyundaishop.eu\/de\/wp-json\/wp\/v2\/product_tag?post=4552"}],"curies":[{"name":"wp","href":"https:\/\/api.w.org\/{rel}","templated":true}]}}