{"id":4529,"date":"2024-10-31T15:02:57","date_gmt":"2024-10-31T15:02:57","guid":{"rendered":"https:\/\/hyundaishop.eu\/shop\/uncategorized\/womens-t-shirt-navy\/"},"modified":"2026-04-09T08:47:37","modified_gmt":"2026-04-09T08:47:37","slug":"womens-t-shirt-navy","status":"publish","type":"product","link":"https:\/\/hyundaishop.eu\/de\/shop\/construction-equipment\/clothing\/tshirts-shirts\/womens-t-shirt-navy\/","title":{"rendered":"Women&#8217;s T-shirt Navy"},"content":{"rendered":"","protected":false},"excerpt":{"rendered":"<p>\"Das Damen V-Ausschnitt T-Shirt in Marineblau vereint Stil und Komfort und ist damit ein perfektes Basic f\u00fcr den Alltag. Mit einem schmeichelhaften V-Ausschnitt und einer taillierten Passform ist dieses T-Shirt aus hochwertigem, atmungsaktivem Stoff gefertigt, der den ganzen Tag \u00fcber f\u00fcr Wohlbefinden sorgt. Dank der strapazierf\u00e4higen Verarbeitung beh\u00e4lt es Form und Farbe auch nach zahlreichen W\u00e4schen, was es ideal zum Schichten oder f\u00fcr das Tragen allein macht. Es ist vielseitig kombinierbar und passt perfekt zu Jeans, R\u00f6cken oder Shorts, wodurch es eine unverzichtbare Erg\u00e4nzung f\u00fcr Ihre Garderobe ist.\n\"<\/p>","protected":false},"featured_media":5612,"comment_status":"open","ping_status":"closed","template":"","meta":{"_acf_changed":false},"product_brand":[],"product_cat":[18,35],"product_tag":[],"class_list":{"0":"post-4529","1":"product","2":"type-product","3":"status-publish","4":"has-post-thumbnail","6":"product_cat-clothing","7":"product_cat-tshirts-shirts","9":"first","10":"instock","11":"taxable","12":"shipping-taxable","13":"purchasable","14":"product-type-variable"},"acf":[],"_links":{"self":[{"href":"https:\/\/hyundaishop.eu\/de\/wp-json\/wp\/v2\/product\/4529","targetHints":{"allow":["GET"]}}],"collection":[{"href":"https:\/\/hyundaishop.eu\/de\/wp-json\/wp\/v2\/product"}],"about":[{"href":"https:\/\/hyundaishop.eu\/de\/wp-json\/wp\/v2\/types\/product"}],"replies":[{"embeddable":true,"href":"https:\/\/hyundaishop.eu\/de\/wp-json\/wp\/v2\/comments?post=4529"}],"wp:featuredmedia":[{"embeddable":true,"href":"https:\/\/hyundaishop.eu\/de\/wp-json\/wp\/v2\/media\/5612"}],"wp:attachment":[{"href":"https:\/\/hyundaishop.eu\/de\/wp-json\/wp\/v2\/media?parent=4529"}],"wp:term":[{"taxonomy":"product_brand","embeddable":true,"href":"https:\/\/hyundaishop.eu\/de\/wp-json\/wp\/v2\/product_brand?post=4529"},{"taxonomy":"product_cat","embeddable":true,"href":"https:\/\/hyundaishop.eu\/de\/wp-json\/wp\/v2\/product_cat?post=4529"},{"taxonomy":"product_tag","embeddable":true,"href":"https:\/\/hyundaishop.eu\/de\/wp-json\/wp\/v2\/product_tag?post=4529"}],"curies":[{"name":"wp","href":"https:\/\/api.w.org\/{rel}","templated":true}]}}