{"id":4523,"date":"2024-10-31T15:02:24","date_gmt":"2024-10-31T15:02:24","guid":{"rendered":"https:\/\/hyundaishop.eu\/shop\/uncategorized\/mens-t-shirt-grey\/"},"modified":"2026-04-09T08:22:29","modified_gmt":"2026-04-09T08:22:29","slug":"mens-t-shirt-grey","status":"publish","type":"product","link":"https:\/\/hyundaishop.eu\/de\/shop\/construction-equipment\/clothing\/tshirts-shirts\/mens-t-shirt-grey\/","title":{"rendered":"Men&#8217;s T-Shirt Grey"},"content":{"rendered":"","protected":false},"excerpt":{"rendered":"<p>\"Dieses klassische Herren-T-Shirt kombiniert Stil und Langlebigkeit mit durchdachten Details f\u00fcr dauerhaften Tragekomfort. Mit einem zeitlosen Rundhalsausschnitt entworfen, verf\u00fcgt das Shirt \u00fcber eine vierlagige Rippung am Kragen, die auch nach h\u00e4ufigem Waschen ihre Form beh\u00e4lt. Verst\u00e4rkte Nacken- und Schulterb\u00e4nder bieten zus\u00e4tzlichen Komfort und Struktur, sodass das Shirt seine Form bewahrt. In vielseitigem Grau ist dieses T-Shirt ideal f\u00fcr den Alltag und bietet eine zuverl\u00e4ssige Passform und ein angenehmes Tragegef\u00fchl.\n\"<\/p>","protected":false},"featured_media":6563,"comment_status":"open","ping_status":"closed","template":"","meta":{"_acf_changed":false},"product_brand":[],"product_cat":[177,18,35],"product_tag":[],"class_list":{"0":"post-4523","1":"product","2":"type-product","3":"status-publish","4":"has-post-thumbnail","6":"product_cat-black-friday","7":"product_cat-clothing","8":"product_cat-tshirts-shirts","10":"first","11":"instock","12":"taxable","13":"shipping-taxable","14":"purchasable","15":"product-type-variable"},"acf":[],"_links":{"self":[{"href":"https:\/\/hyundaishop.eu\/de\/wp-json\/wp\/v2\/product\/4523","targetHints":{"allow":["GET"]}}],"collection":[{"href":"https:\/\/hyundaishop.eu\/de\/wp-json\/wp\/v2\/product"}],"about":[{"href":"https:\/\/hyundaishop.eu\/de\/wp-json\/wp\/v2\/types\/product"}],"replies":[{"embeddable":true,"href":"https:\/\/hyundaishop.eu\/de\/wp-json\/wp\/v2\/comments?post=4523"}],"wp:featuredmedia":[{"embeddable":true,"href":"https:\/\/hyundaishop.eu\/de\/wp-json\/wp\/v2\/media\/6563"}],"wp:attachment":[{"href":"https:\/\/hyundaishop.eu\/de\/wp-json\/wp\/v2\/media?parent=4523"}],"wp:term":[{"taxonomy":"product_brand","embeddable":true,"href":"https:\/\/hyundaishop.eu\/de\/wp-json\/wp\/v2\/product_brand?post=4523"},{"taxonomy":"product_cat","embeddable":true,"href":"https:\/\/hyundaishop.eu\/de\/wp-json\/wp\/v2\/product_cat?post=4523"},{"taxonomy":"product_tag","embeddable":true,"href":"https:\/\/hyundaishop.eu\/de\/wp-json\/wp\/v2\/product_tag?post=4523"}],"curies":[{"name":"wp","href":"https:\/\/api.w.org\/{rel}","templated":true}]}}