{"id":4411,"date":"2024-10-31T13:26:46","date_gmt":"2024-10-31T13:26:46","guid":{"rendered":"https:\/\/hyundaishop.eu\/shop\/uncategorized\/mens-t-shirt-navy\/"},"modified":"2026-04-14T14:53:47","modified_gmt":"2026-04-14T14:53:47","slug":"mens-t-shirt-navy","status":"publish","type":"product","link":"https:\/\/hyundaishop.eu\/de\/shop\/construction-equipment\/clothing\/tshirts-shirts\/mens-t-shirt-navy\/","title":{"rendered":"Men&#8217;s T-Shirt Navy"},"content":{"rendered":"","protected":false},"excerpt":{"rendered":"<p><span data-sheets-root=\"1\">\"Dieses klassische Herren-T-Shirt vereint zeitlosen Stil mit Haltbarkeit. Der Rundhalsausschnitt mit verst\u00e4rktem Vier-Lagen-Rippbund bietet einen bequemen Sitz und beh\u00e4lt auch nach vielen W\u00e4schen seine Form. Nacken- und Schulterb\u00e4nder sorgen f\u00fcr zus\u00e4tzliche Strapazierf\u00e4higkeit und machen es alltagstauglich. Dieses langlebige T-Shirt eignet sich perfekt f\u00fcr legere Outfits oder zum Dr\u00fcberziehen. In vielseitigem Navy erh\u00e4ltlich, ist es ein unverzichtbares Basic f\u00fcr jede Garderobe.\n\"<br \/>\n<\/span><\/p>","protected":false},"featured_media":5613,"comment_status":"open","ping_status":"closed","template":"","meta":{"_acf_changed":false},"product_brand":[],"product_cat":[18,199,35],"product_tag":[],"class_list":{"0":"post-4411","1":"product","2":"type-product","3":"status-publish","4":"has-post-thumbnail","6":"product_cat-clothing","7":"product_cat-construction-equipment","8":"product_cat-tshirts-shirts","10":"first","11":"instock","12":"taxable","13":"shipping-taxable","14":"purchasable","15":"product-type-variable"},"acf":[],"_links":{"self":[{"href":"https:\/\/hyundaishop.eu\/de\/wp-json\/wp\/v2\/product\/4411","targetHints":{"allow":["GET"]}}],"collection":[{"href":"https:\/\/hyundaishop.eu\/de\/wp-json\/wp\/v2\/product"}],"about":[{"href":"https:\/\/hyundaishop.eu\/de\/wp-json\/wp\/v2\/types\/product"}],"replies":[{"embeddable":true,"href":"https:\/\/hyundaishop.eu\/de\/wp-json\/wp\/v2\/comments?post=4411"}],"wp:featuredmedia":[{"embeddable":true,"href":"https:\/\/hyundaishop.eu\/de\/wp-json\/wp\/v2\/media\/5613"}],"wp:attachment":[{"href":"https:\/\/hyundaishop.eu\/de\/wp-json\/wp\/v2\/media?parent=4411"}],"wp:term":[{"taxonomy":"product_brand","embeddable":true,"href":"https:\/\/hyundaishop.eu\/de\/wp-json\/wp\/v2\/product_brand?post=4411"},{"taxonomy":"product_cat","embeddable":true,"href":"https:\/\/hyundaishop.eu\/de\/wp-json\/wp\/v2\/product_cat?post=4411"},{"taxonomy":"product_tag","embeddable":true,"href":"https:\/\/hyundaishop.eu\/de\/wp-json\/wp\/v2\/product_tag?post=4411"}],"curies":[{"name":"wp","href":"https:\/\/api.w.org\/{rel}","templated":true}]}}