{"id":4408,"date":"2024-10-31T13:26:34","date_gmt":"2024-10-31T13:26:34","guid":{"rendered":"https:\/\/hyundaishop.eu\/shop\/uncategorized\/multi-tool-bicycle\/"},"modified":"2026-04-09T08:20:45","modified_gmt":"2026-04-09T08:20:45","slug":"multi-tool-bicycle","status":"publish","type":"product","link":"https:\/\/hyundaishop.eu\/de\/shop\/construction-equipment\/lifestyle\/accessories\/multi-tool-bicycle\/","title":{"rendered":"Multiwerkzeug-Fahrrad"},"content":{"rendered":"","protected":false},"excerpt":{"rendered":"<p>Pr\u00e4sentieren Sie unser starkes und langlebiges kompaktes Multifunktionswerkzeug f\u00fcr Fahrr\u00e4der, gefertigt aus hochwertigem Edelstahl mit Buchenholzgriffen. Dieses essentielle Werkzeug ist ein Muss f\u00fcr jeden Radfahrer und perfekt f\u00fcr unerwartete schnelle Reparaturen. Es verf\u00fcgt \u00fcber 8 wichtige Fahrradwerkzeuge: Innensechskantschl\u00fcssel (2 mm, 2,5 mm, 3 mm, 4 mm, 5 mm, 5,5 mm, 6 mm), einen Kreuzschlitzschraubendreher und einen Schlitzschraubendreher. Das verwendete Buchenholz stammt aus nachhaltigen, umweltfreundlichen und sozial verantwortlichen Praktiken.<\/p>","protected":false},"featured_media":7034,"comment_status":"open","ping_status":"closed","template":"","meta":{"_acf_changed":false},"product_brand":[],"product_cat":[175,199,20],"product_tag":[],"class_list":{"0":"post-4408","1":"product","2":"type-product","3":"status-publish","4":"has-post-thumbnail","6":"product_cat-accessories","7":"product_cat-construction-equipment","8":"product_cat-lifestyle","10":"first","11":"instock","12":"taxable","13":"shipping-taxable","14":"purchasable","15":"product-type-simple"},"acf":[],"_links":{"self":[{"href":"https:\/\/hyundaishop.eu\/de\/wp-json\/wp\/v2\/product\/4408","targetHints":{"allow":["GET"]}}],"collection":[{"href":"https:\/\/hyundaishop.eu\/de\/wp-json\/wp\/v2\/product"}],"about":[{"href":"https:\/\/hyundaishop.eu\/de\/wp-json\/wp\/v2\/types\/product"}],"replies":[{"embeddable":true,"href":"https:\/\/hyundaishop.eu\/de\/wp-json\/wp\/v2\/comments?post=4408"}],"wp:featuredmedia":[{"embeddable":true,"href":"https:\/\/hyundaishop.eu\/de\/wp-json\/wp\/v2\/media\/7034"}],"wp:attachment":[{"href":"https:\/\/hyundaishop.eu\/de\/wp-json\/wp\/v2\/media?parent=4408"}],"wp:term":[{"taxonomy":"product_brand","embeddable":true,"href":"https:\/\/hyundaishop.eu\/de\/wp-json\/wp\/v2\/product_brand?post=4408"},{"taxonomy":"product_cat","embeddable":true,"href":"https:\/\/hyundaishop.eu\/de\/wp-json\/wp\/v2\/product_cat?post=4408"},{"taxonomy":"product_tag","embeddable":true,"href":"https:\/\/hyundaishop.eu\/de\/wp-json\/wp\/v2\/product_tag?post=4408"}],"curies":[{"name":"wp","href":"https:\/\/api.w.org\/{rel}","templated":true}]}}