{"id":4407,"date":"2024-10-31T13:26:31","date_gmt":"2024-10-31T13:26:31","guid":{"rendered":"https:\/\/hyundaishop.eu\/shop\/uncategorized\/bamboo-flashlight\/"},"modified":"2026-04-09T08:20:44","modified_gmt":"2026-04-09T08:20:44","slug":"bamboo-flashlight","status":"publish","type":"product","link":"https:\/\/hyundaishop.eu\/de\/shop\/construction-equipment\/lifestyle\/accessories\/bamboo-flashlight\/","title":{"rendered":"Bambus-Taschenlampe"},"content":{"rendered":"","protected":false},"excerpt":{"rendered":"<p>Die Kuma-Taschenlampe mit Karabinerhaken besteht aus zertifiziertem Bambus und 41 % RCS-zertifiziertem recyceltem Kunststoff und ist somit eine umweltfreundliche Wahl. Mit einer leistungsstarken 3 W COB-Lichtquelle liefert die Kuma 80 Lumen Helligkeit mit einer Reichweite von bis zu 100 Metern und verf\u00fcgt \u00fcber drei verschiedene Lichtmodi. Der leistungsstarke 1200 mAh Li-Ion 18650-Akku sorgt f\u00fcr 3,5 bis 4,5 Stunden kontinuierliches Licht mit einer einzigen Ladung und eignet sich perfekt f\u00fcr Camping, DIY-Projekte oder um Stromausf\u00e4lle zu \u00fcberbr\u00fccken.<\/p>\n<p>Die Taschenlampe ist mit einem Aluminium-Karabinerhaken ausgestattet, um eine einfache Befestigung an Rucks\u00e4cken oder Ausr\u00fcstung zu erm\u00f6glichen. Da Bambus ein Naturprodukt ist, k\u00f6nnen kleine Farb- und Gr\u00f6\u00dfenvariationen auftreten, die das endg\u00fcltige Druckergebnis beeinflussen k\u00f6nnen. Jede Taschenlampe wird mit einem 30 cm langen TPE Type-C-Ladekabel geliefert und ist in einer Geschenkverpackung aus nachhaltigen Quellen verpackt. Materialien: Recyceltes ABS-Kunststoff, Bambusholz.<\/p>","protected":false},"featured_media":4501,"comment_status":"open","ping_status":"closed","template":"","meta":{"_acf_changed":false},"product_brand":[],"product_cat":[175,199,20],"product_tag":[],"class_list":{"0":"post-4407","1":"product","2":"type-product","3":"status-publish","4":"has-post-thumbnail","6":"product_cat-accessories","7":"product_cat-construction-equipment","8":"product_cat-lifestyle","10":"first","11":"onbackorder","12":"taxable","13":"shipping-taxable","14":"purchasable","15":"product-type-simple"},"acf":[],"_links":{"self":[{"href":"https:\/\/hyundaishop.eu\/de\/wp-json\/wp\/v2\/product\/4407","targetHints":{"allow":["GET"]}}],"collection":[{"href":"https:\/\/hyundaishop.eu\/de\/wp-json\/wp\/v2\/product"}],"about":[{"href":"https:\/\/hyundaishop.eu\/de\/wp-json\/wp\/v2\/types\/product"}],"replies":[{"embeddable":true,"href":"https:\/\/hyundaishop.eu\/de\/wp-json\/wp\/v2\/comments?post=4407"}],"wp:featuredmedia":[{"embeddable":true,"href":"https:\/\/hyundaishop.eu\/de\/wp-json\/wp\/v2\/media\/4501"}],"wp:attachment":[{"href":"https:\/\/hyundaishop.eu\/de\/wp-json\/wp\/v2\/media?parent=4407"}],"wp:term":[{"taxonomy":"product_brand","embeddable":true,"href":"https:\/\/hyundaishop.eu\/de\/wp-json\/wp\/v2\/product_brand?post=4407"},{"taxonomy":"product_cat","embeddable":true,"href":"https:\/\/hyundaishop.eu\/de\/wp-json\/wp\/v2\/product_cat?post=4407"},{"taxonomy":"product_tag","embeddable":true,"href":"https:\/\/hyundaishop.eu\/de\/wp-json\/wp\/v2\/product_tag?post=4407"}],"curies":[{"name":"wp","href":"https:\/\/api.w.org\/{rel}","templated":true}]}}