{"id":4406,"date":"2024-10-31T13:26:27","date_gmt":"2024-10-31T13:26:27","guid":{"rendered":"https:\/\/hyundaishop.eu\/shop\/uncategorized\/sticky-notes\/"},"modified":"2026-03-26T13:20:24","modified_gmt":"2026-03-26T13:20:24","slug":"sticky-notes","status":"publish","type":"product","link":"https:\/\/hyundaishop.eu\/de\/shop\/construction-equipment\/lifestyle\/office\/sticky-notes\/","title":{"rendered":"Haftnotizen"},"content":{"rendered":"","protected":false},"excerpt":{"rendered":"<p>Vereinbaren Sie Organisation und Kreativit\u00e4t mit den Hyundai Sticky Notes! Dieses Standardmodell enth\u00e4lt 50 Bl\u00e4tter selbstklebendes Papier mit 80 g\/m\u00b2, perfekt f\u00fcr das Festhalten von Notizen, Erinnerungen oder das Teilen von Ideen. Das hochwertige Papier sorgt daf\u00fcr, dass Ihr Geschriebenes klar und leserlich bleibt, w\u00e4hrend der starke Kleber Ihre Notizen sicher an Ort und Stelle h\u00e4lt, wo immer Sie sie ben\u00f6tigen. Ideal f\u00fcr zu Hause, im B\u00fcro oder unterwegs sind diese Sticky Notes ein Muss f\u00fcr alle, die ihre Gedanken bequem festhalten m\u00f6chten!<\/p>","protected":false},"featured_media":7209,"comment_status":"open","ping_status":"closed","template":"","meta":{"_acf_changed":false},"product_brand":[],"product_cat":[199,20,39],"product_tag":[],"class_list":{"0":"post-4406","1":"product","2":"type-product","3":"status-publish","4":"has-post-thumbnail","6":"product_cat-construction-equipment","7":"product_cat-lifestyle","8":"product_cat-office","10":"first","11":"instock","12":"taxable","13":"shipping-taxable","14":"purchasable","15":"product-type-simple"},"acf":[],"_links":{"self":[{"href":"https:\/\/hyundaishop.eu\/de\/wp-json\/wp\/v2\/product\/4406","targetHints":{"allow":["GET"]}}],"collection":[{"href":"https:\/\/hyundaishop.eu\/de\/wp-json\/wp\/v2\/product"}],"about":[{"href":"https:\/\/hyundaishop.eu\/de\/wp-json\/wp\/v2\/types\/product"}],"replies":[{"embeddable":true,"href":"https:\/\/hyundaishop.eu\/de\/wp-json\/wp\/v2\/comments?post=4406"}],"wp:featuredmedia":[{"embeddable":true,"href":"https:\/\/hyundaishop.eu\/de\/wp-json\/wp\/v2\/media\/7209"}],"wp:attachment":[{"href":"https:\/\/hyundaishop.eu\/de\/wp-json\/wp\/v2\/media?parent=4406"}],"wp:term":[{"taxonomy":"product_brand","embeddable":true,"href":"https:\/\/hyundaishop.eu\/de\/wp-json\/wp\/v2\/product_brand?post=4406"},{"taxonomy":"product_cat","embeddable":true,"href":"https:\/\/hyundaishop.eu\/de\/wp-json\/wp\/v2\/product_cat?post=4406"},{"taxonomy":"product_tag","embeddable":true,"href":"https:\/\/hyundaishop.eu\/de\/wp-json\/wp\/v2\/product_tag?post=4406"}],"curies":[{"name":"wp","href":"https:\/\/api.w.org\/{rel}","templated":true}]}}