{"id":4403,"date":"2024-10-31T13:26:17","date_gmt":"2024-10-31T13:26:17","guid":{"rendered":"https:\/\/hyundaishop.eu\/shop\/uncategorized\/notebook-a5-with-pen\/"},"modified":"2026-04-09T08:20:40","modified_gmt":"2026-04-09T08:20:40","slug":"notebook-a5-with-pen","status":"publish","type":"product","link":"https:\/\/hyundaishop.eu\/de\/shop\/construction-equipment\/lifestyle\/office\/notebook-a5-with-pen\/","title":{"rendered":"Notizbuch A5 mit Stift"},"content":{"rendered":"","protected":false},"excerpt":{"rendered":"<p>Entdecken Sie das Hyundai A5-Notizbuch mit Stift, eine stilvolle Schreibmappe im A5-Format, perfekt f\u00fcr all Ihre Notizen und Ideen. Dieses Notizbuch verf\u00fcgt \u00fcber kontrastierende N\u00e4hte und enth\u00e4lt 240 Seiten (120 Bl\u00e4tter) liniertes Papier, ideal f\u00fcr eine strukturierte Schreibe. Hergestellt aus hochwertigem PU-Material und begleitet von einem Metallstift, der mit schwarzer Tinte schreibt, ist dieses Notizbuch sowohl praktisch als auch elegant. Nehmen Sie es \u00fcberallhin mit und lassen Sie Ihrer Kreativit\u00e4t freien Lauf!<\/p>","protected":false},"featured_media":4588,"comment_status":"open","ping_status":"closed","template":"","meta":{"_acf_changed":false},"product_brand":[],"product_cat":[199,20,39],"product_tag":[],"class_list":{"0":"post-4403","1":"product","2":"type-product","3":"status-publish","4":"has-post-thumbnail","6":"product_cat-construction-equipment","7":"product_cat-lifestyle","8":"product_cat-office","10":"first","11":"instock","12":"taxable","13":"shipping-taxable","14":"purchasable","15":"product-type-simple"},"acf":[],"_links":{"self":[{"href":"https:\/\/hyundaishop.eu\/de\/wp-json\/wp\/v2\/product\/4403","targetHints":{"allow":["GET"]}}],"collection":[{"href":"https:\/\/hyundaishop.eu\/de\/wp-json\/wp\/v2\/product"}],"about":[{"href":"https:\/\/hyundaishop.eu\/de\/wp-json\/wp\/v2\/types\/product"}],"replies":[{"embeddable":true,"href":"https:\/\/hyundaishop.eu\/de\/wp-json\/wp\/v2\/comments?post=4403"}],"wp:featuredmedia":[{"embeddable":true,"href":"https:\/\/hyundaishop.eu\/de\/wp-json\/wp\/v2\/media\/4588"}],"wp:attachment":[{"href":"https:\/\/hyundaishop.eu\/de\/wp-json\/wp\/v2\/media?parent=4403"}],"wp:term":[{"taxonomy":"product_brand","embeddable":true,"href":"https:\/\/hyundaishop.eu\/de\/wp-json\/wp\/v2\/product_brand?post=4403"},{"taxonomy":"product_cat","embeddable":true,"href":"https:\/\/hyundaishop.eu\/de\/wp-json\/wp\/v2\/product_cat?post=4403"},{"taxonomy":"product_tag","embeddable":true,"href":"https:\/\/hyundaishop.eu\/de\/wp-json\/wp\/v2\/product_tag?post=4403"}],"curies":[{"name":"wp","href":"https:\/\/api.w.org\/{rel}","templated":true}]}}