{"id":4402,"date":"2024-10-31T13:26:13","date_gmt":"2024-10-31T13:26:13","guid":{"rendered":"https:\/\/hyundaishop.eu\/shop\/uncategorized\/scented-candle-vanilla\/"},"modified":"2026-02-23T14:12:29","modified_gmt":"2026-02-23T14:12:29","slug":"scented-candle-vanilla","status":"publish","type":"product","link":"https:\/\/hyundaishop.eu\/de\/shop\/construction-equipment\/lifestyle\/accessories\/scented-candle-vanilla\/","title":{"rendered":"Duftkerze Vanille"},"content":{"rendered":"","protected":false},"excerpt":{"rendered":"<p>Entdecken Sie die Hyundai Duftkerze in Vanille \u2013 eine 200 g schwere Kerze aus pflanzlichem Wachs, die W\u00e4rme und Charme in jeden Raum bringt. Mit einem herrlichen Vanilleduft in einem stilvollen Glasbeh\u00e4lter mit Kieselsteinen und einem Holzdocht. Genie\u00dfen Sie eine Brenndauer von etwa 20 Stunden, perfekt f\u00fcr eine gem\u00fctliche Atmosph\u00e4re.<\/p>","protected":false},"featured_media":4589,"comment_status":"open","ping_status":"closed","template":"","meta":{"_acf_changed":false},"product_brand":[],"product_cat":[175,199,20],"product_tag":[204],"class_list":{"0":"post-4402","1":"product","2":"type-product","3":"status-publish","4":"has-post-thumbnail","6":"product_cat-accessories","7":"product_cat-construction-equipment","8":"product_cat-lifestyle","9":"product_tag-seasonal","11":"first","12":"instock","13":"taxable","14":"shipping-taxable","15":"purchasable","16":"product-type-simple"},"acf":[],"_links":{"self":[{"href":"https:\/\/hyundaishop.eu\/de\/wp-json\/wp\/v2\/product\/4402","targetHints":{"allow":["GET"]}}],"collection":[{"href":"https:\/\/hyundaishop.eu\/de\/wp-json\/wp\/v2\/product"}],"about":[{"href":"https:\/\/hyundaishop.eu\/de\/wp-json\/wp\/v2\/types\/product"}],"replies":[{"embeddable":true,"href":"https:\/\/hyundaishop.eu\/de\/wp-json\/wp\/v2\/comments?post=4402"}],"wp:featuredmedia":[{"embeddable":true,"href":"https:\/\/hyundaishop.eu\/de\/wp-json\/wp\/v2\/media\/4589"}],"wp:attachment":[{"href":"https:\/\/hyundaishop.eu\/de\/wp-json\/wp\/v2\/media?parent=4402"}],"wp:term":[{"taxonomy":"product_brand","embeddable":true,"href":"https:\/\/hyundaishop.eu\/de\/wp-json\/wp\/v2\/product_brand?post=4402"},{"taxonomy":"product_cat","embeddable":true,"href":"https:\/\/hyundaishop.eu\/de\/wp-json\/wp\/v2\/product_cat?post=4402"},{"taxonomy":"product_tag","embeddable":true,"href":"https:\/\/hyundaishop.eu\/de\/wp-json\/wp\/v2\/product_tag?post=4402"}],"curies":[{"name":"wp","href":"https:\/\/api.w.org\/{rel}","templated":true}]}}