{"id":4326,"date":"2024-10-10T13:11:29","date_gmt":"2024-10-10T13:11:29","guid":{"rendered":"https:\/\/hyundaishop.eu\/shop\/uncategorized\/hoodie-kids\/"},"modified":"2026-04-09T08:22:05","modified_gmt":"2026-04-09T08:22:05","slug":"hoodie-kids","status":"publish","type":"product","link":"https:\/\/hyundaishop.eu\/de\/shop\/construction-equipment\/clothing\/tshirts-shirts\/hoodie-kids\/","title":{"rendered":"Hoodie Kids"},"content":{"rendered":"","protected":false},"excerpt":{"rendered":"<p>Der Hyundai Kids Hoodie bietet die perfekte Kombination aus Komfort und Stil, mit einer aktualisierten Passform, die ideal f\u00fcr den t\u00e4glichen Gebrauch ist. Das weiche, geb\u00fcrstete Innenfutter sorgt f\u00fcr zus\u00e4tzliche W\u00e4rme, w\u00e4hrend die Rippb\u00fcndchen an den \u00c4rmeln und am Saum eine gute Passform gew\u00e4hrleisten. Mit der praktischen K\u00e4ngurutasche auf der Vorderseite k\u00f6nnen Kinder ihre H\u00e4nde warm halten oder kleine Gegenst\u00e4nde mitnehmen. Der Hoodie ist mit dem ikonischen Hyundai-Logo und Abbildungen von Hyundai-Maschinen verziert, was ihm einen coolen und verspielten Look verleiht. Perfekt f\u00fcr kleine Abenteurer!<\/p>","protected":false},"featured_media":4240,"comment_status":"open","ping_status":"closed","template":"","meta":{"_acf_changed":false},"product_brand":[],"product_cat":[198,18,199,35],"product_tag":[204],"class_list":{"0":"post-4326","1":"product","2":"type-product","3":"status-publish","4":"has-post-thumbnail","6":"product_cat-bauma-uniform","7":"product_cat-clothing","8":"product_cat-construction-equipment","9":"product_cat-tshirts-shirts","10":"product_tag-seasonal","12":"first","13":"instock","14":"taxable","15":"shipping-taxable","16":"purchasable","17":"product-type-variable"},"acf":[],"_links":{"self":[{"href":"https:\/\/hyundaishop.eu\/de\/wp-json\/wp\/v2\/product\/4326","targetHints":{"allow":["GET"]}}],"collection":[{"href":"https:\/\/hyundaishop.eu\/de\/wp-json\/wp\/v2\/product"}],"about":[{"href":"https:\/\/hyundaishop.eu\/de\/wp-json\/wp\/v2\/types\/product"}],"replies":[{"embeddable":true,"href":"https:\/\/hyundaishop.eu\/de\/wp-json\/wp\/v2\/comments?post=4326"}],"wp:featuredmedia":[{"embeddable":true,"href":"https:\/\/hyundaishop.eu\/de\/wp-json\/wp\/v2\/media\/4240"}],"wp:attachment":[{"href":"https:\/\/hyundaishop.eu\/de\/wp-json\/wp\/v2\/media?parent=4326"}],"wp:term":[{"taxonomy":"product_brand","embeddable":true,"href":"https:\/\/hyundaishop.eu\/de\/wp-json\/wp\/v2\/product_brand?post=4326"},{"taxonomy":"product_cat","embeddable":true,"href":"https:\/\/hyundaishop.eu\/de\/wp-json\/wp\/v2\/product_cat?post=4326"},{"taxonomy":"product_tag","embeddable":true,"href":"https:\/\/hyundaishop.eu\/de\/wp-json\/wp\/v2\/product_tag?post=4326"}],"curies":[{"name":"wp","href":"https:\/\/api.w.org\/{rel}","templated":true}]}}