{"id":4253,"date":"2024-10-04T13:58:09","date_gmt":"2024-10-04T13:58:09","guid":{"rendered":"https:\/\/hyundaishop.eu\/shop\/uncategorized\/t-shirt-kids\/"},"modified":"2026-04-09T08:43:38","modified_gmt":"2026-04-09T08:43:38","slug":"t-shirt-kids","status":"publish","type":"product","link":"https:\/\/hyundaishop.eu\/de\/shop\/construction-equipment\/clothing\/tshirts-shirts\/t-shirt-kids\/","title":{"rendered":"T-shirt Kids"},"content":{"rendered":"","protected":false},"excerpt":{"rendered":"<p>Das Hyundai Kinder-T-Shirt ist ein klassisches T-Shirt mit Rundhalsausschnitt und vierlagigem Rippkragen, erg\u00e4nzt durch Nacken- und Schulterb\u00e4nder f\u00fcr zus\u00e4tzliche Haltbarkeit. Vorgewaschen f\u00fcr eine langanhaltende Passform und Stabilit\u00e4t, sorgt dieses T-Shirt f\u00fcr Komfort und Langlebigkeit. Es zeigt das Hyundai-Logo zusammen mit Abbildungen von Hyundai-Modellen und ist sowohl stilvoll als auch praktisch f\u00fcr den t\u00e4glichen Gebrauch.<\/p>","protected":false},"featured_media":4257,"comment_status":"open","ping_status":"closed","template":"","meta":{"_acf_changed":false},"product_brand":[],"product_cat":[198,18,199,35],"product_tag":[],"class_list":{"0":"post-4253","1":"product","2":"type-product","3":"status-publish","4":"has-post-thumbnail","6":"product_cat-bauma-uniform","7":"product_cat-clothing","8":"product_cat-construction-equipment","9":"product_cat-tshirts-shirts","11":"first","12":"instock","13":"taxable","14":"shipping-taxable","15":"purchasable","16":"product-type-variable"},"acf":[],"_links":{"self":[{"href":"https:\/\/hyundaishop.eu\/de\/wp-json\/wp\/v2\/product\/4253","targetHints":{"allow":["GET"]}}],"collection":[{"href":"https:\/\/hyundaishop.eu\/de\/wp-json\/wp\/v2\/product"}],"about":[{"href":"https:\/\/hyundaishop.eu\/de\/wp-json\/wp\/v2\/types\/product"}],"replies":[{"embeddable":true,"href":"https:\/\/hyundaishop.eu\/de\/wp-json\/wp\/v2\/comments?post=4253"}],"wp:featuredmedia":[{"embeddable":true,"href":"https:\/\/hyundaishop.eu\/de\/wp-json\/wp\/v2\/media\/4257"}],"wp:attachment":[{"href":"https:\/\/hyundaishop.eu\/de\/wp-json\/wp\/v2\/media?parent=4253"}],"wp:term":[{"taxonomy":"product_brand","embeddable":true,"href":"https:\/\/hyundaishop.eu\/de\/wp-json\/wp\/v2\/product_brand?post=4253"},{"taxonomy":"product_cat","embeddable":true,"href":"https:\/\/hyundaishop.eu\/de\/wp-json\/wp\/v2\/product_cat?post=4253"},{"taxonomy":"product_tag","embeddable":true,"href":"https:\/\/hyundaishop.eu\/de\/wp-json\/wp\/v2\/product_tag?post=4253"}],"curies":[{"name":"wp","href":"https:\/\/api.w.org\/{rel}","templated":true}]}}