{"id":4230,"date":"2024-10-04T13:26:45","date_gmt":"2024-10-04T13:26:45","guid":{"rendered":"https:\/\/hyundaishop.eu\/shop\/uncategorized\/cap-kids\/"},"modified":"2026-04-09T08:22:12","modified_gmt":"2026-04-09T08:22:12","slug":"cap-kids","status":"publish","type":"product","link":"https:\/\/hyundaishop.eu\/de\/shop\/construction-equipment\/clothing\/headwear\/cap-kids\/","title":{"rendered":"Cap Kids"},"content":{"rendered":"","protected":false},"excerpt":{"rendered":"<p>Die Hyundai Kids Cap ist eine trendige dunkelblaue Kappe mit gr\u00fcnen Akzenten, perfekt f\u00fcr aktive Kinder. Hergestellt aus hochwertigen Materialien, bietet diese Kappe Komfort und Langlebigkeit. Der verstellbare R\u00fccken sorgt f\u00fcr eine gute Passform, w\u00e4hrend das erkennbare Hyundai-Logo auf der Vorderseite einen lustigen Akzent setzt. Ideal f\u00fcr Aktivit\u00e4ten im Freien und den t\u00e4glichen Gebrauch!<\/p>","protected":false},"featured_media":4339,"comment_status":"open","ping_status":"closed","template":"","meta":{"_acf_changed":false},"product_brand":[],"product_cat":[177,18,199,27],"product_tag":[],"class_list":{"0":"post-4230","1":"product","2":"type-product","3":"status-publish","4":"has-post-thumbnail","6":"product_cat-black-friday","7":"product_cat-clothing","8":"product_cat-construction-equipment","9":"product_cat-headwear","11":"first","12":"instock","13":"taxable","14":"shipping-taxable","15":"purchasable","16":"product-type-simple"},"acf":[],"_links":{"self":[{"href":"https:\/\/hyundaishop.eu\/de\/wp-json\/wp\/v2\/product\/4230","targetHints":{"allow":["GET"]}}],"collection":[{"href":"https:\/\/hyundaishop.eu\/de\/wp-json\/wp\/v2\/product"}],"about":[{"href":"https:\/\/hyundaishop.eu\/de\/wp-json\/wp\/v2\/types\/product"}],"replies":[{"embeddable":true,"href":"https:\/\/hyundaishop.eu\/de\/wp-json\/wp\/v2\/comments?post=4230"}],"wp:featuredmedia":[{"embeddable":true,"href":"https:\/\/hyundaishop.eu\/de\/wp-json\/wp\/v2\/media\/4339"}],"wp:attachment":[{"href":"https:\/\/hyundaishop.eu\/de\/wp-json\/wp\/v2\/media?parent=4230"}],"wp:term":[{"taxonomy":"product_brand","embeddable":true,"href":"https:\/\/hyundaishop.eu\/de\/wp-json\/wp\/v2\/product_brand?post=4230"},{"taxonomy":"product_cat","embeddable":true,"href":"https:\/\/hyundaishop.eu\/de\/wp-json\/wp\/v2\/product_cat?post=4230"},{"taxonomy":"product_tag","embeddable":true,"href":"https:\/\/hyundaishop.eu\/de\/wp-json\/wp\/v2\/product_tag?post=4230"}],"curies":[{"name":"wp","href":"https:\/\/api.w.org\/{rel}","templated":true}]}}