{"id":3909,"date":"2024-08-22T09:04:41","date_gmt":"2024-08-22T09:04:41","guid":{"rendered":"https:\/\/hyundaishop.eu\/shop\/uncategorized\/pin-forward-logo-silver-per-25-pcs\/"},"modified":"2026-04-09T08:20:32","modified_gmt":"2026-04-09T08:20:32","slug":"pin-forward-logo-silver-per-25-pcs","status":"publish","type":"product","link":"https:\/\/hyundaishop.eu\/de\/shop\/material-handling\/merchandise\/pin-forward-logo-silver-per-25-pcs\/","title":{"rendered":"Pin Forward Logo Silver &#8211;  per 25 pcs."},"content":{"rendered":"","protected":false},"excerpt":{"rendered":"<p>Dieses Hyundai-Pin ist robust verarbeitet und l\u00e4sst sich einfach an Kleidungsst\u00fccken wie Hemden oder Kappen anbringen, was es ideal f\u00fcr Veranstaltungen, Uniformen oder Werbegeschenke macht. Jede Packung enth\u00e4lt 25 Pins, was den Gro\u00dfeinkauf praktisch macht.<\/p>","protected":false},"featured_media":3910,"comment_status":"open","ping_status":"closed","template":"","meta":{"_acf_changed":false},"product_brand":[],"product_cat":[199,191,192],"product_tag":[],"class_list":{"0":"post-3909","1":"product","2":"type-product","3":"status-publish","4":"has-post-thumbnail","6":"product_cat-construction-equipment","7":"product_cat-material-handling","8":"product_cat-merchandise","10":"first","11":"instock","12":"taxable","13":"shipping-taxable","14":"purchasable","15":"product-type-simple"},"acf":[],"_links":{"self":[{"href":"https:\/\/hyundaishop.eu\/de\/wp-json\/wp\/v2\/product\/3909","targetHints":{"allow":["GET"]}}],"collection":[{"href":"https:\/\/hyundaishop.eu\/de\/wp-json\/wp\/v2\/product"}],"about":[{"href":"https:\/\/hyundaishop.eu\/de\/wp-json\/wp\/v2\/types\/product"}],"replies":[{"embeddable":true,"href":"https:\/\/hyundaishop.eu\/de\/wp-json\/wp\/v2\/comments?post=3909"}],"wp:featuredmedia":[{"embeddable":true,"href":"https:\/\/hyundaishop.eu\/de\/wp-json\/wp\/v2\/media\/3910"}],"wp:attachment":[{"href":"https:\/\/hyundaishop.eu\/de\/wp-json\/wp\/v2\/media?parent=3909"}],"wp:term":[{"taxonomy":"product_brand","embeddable":true,"href":"https:\/\/hyundaishop.eu\/de\/wp-json\/wp\/v2\/product_brand?post=3909"},{"taxonomy":"product_cat","embeddable":true,"href":"https:\/\/hyundaishop.eu\/de\/wp-json\/wp\/v2\/product_cat?post=3909"},{"taxonomy":"product_tag","embeddable":true,"href":"https:\/\/hyundaishop.eu\/de\/wp-json\/wp\/v2\/product_tag?post=3909"}],"curies":[{"name":"wp","href":"https:\/\/api.w.org\/{rel}","templated":true}]}}