{"id":3893,"date":"2024-08-21T14:01:32","date_gmt":"2024-08-21T14:01:32","guid":{"rendered":"https:\/\/hyundaishop.eu\/shop\/uncategorized\/sunglasses-black\/"},"modified":"2026-04-02T06:23:01","modified_gmt":"2026-04-02T06:23:01","slug":"sunglasses-black","status":"publish","type":"product","link":"https:\/\/hyundaishop.eu\/de\/shop\/construction-equipment\/lifestyle\/bags-travel\/sunglasses-black\/","title":{"rendered":"Sunglasses Black"},"content":{"rendered":"","protected":false},"excerpt":{"rendered":"<p>Diese umweltfreundliche, retro-designte Sonnenbrille ist das perfekte Werbegeschenk f\u00fcr Sommerfestivals, Veranstaltungen oder andere sonnige Outdoor-Aktivit\u00e4ten. Hergestellt aus recyceltem PET-Kunststoff, ist diese Sonnenbrille leicht und angenehm zu tragen. Sie entspricht den EN ISO 12312-1 Standards und verf\u00fcgt \u00fcber UV400-Gl\u00e4ser der Kategorie 3, die einen hervorragenden Schutz vor grellem Sonnenlicht bieten. W\u00e4hlen Sie diese Hyundai Sonnenbrille f\u00fcr einen stilvollen und nachhaltigen Schutz Ihrer Augen.<\/p>","protected":false},"featured_media":3914,"comment_status":"open","ping_status":"closed","template":"","meta":{"_acf_changed":false},"product_brand":[],"product_cat":[37,199,20],"product_tag":[],"class_list":{"0":"post-3893","1":"product","2":"type-product","3":"status-publish","4":"has-post-thumbnail","6":"product_cat-bags-travel","7":"product_cat-construction-equipment","8":"product_cat-lifestyle","10":"first","11":"instock","12":"taxable","13":"shipping-taxable","14":"purchasable","15":"product-type-simple"},"acf":[],"_links":{"self":[{"href":"https:\/\/hyundaishop.eu\/de\/wp-json\/wp\/v2\/product\/3893","targetHints":{"allow":["GET"]}}],"collection":[{"href":"https:\/\/hyundaishop.eu\/de\/wp-json\/wp\/v2\/product"}],"about":[{"href":"https:\/\/hyundaishop.eu\/de\/wp-json\/wp\/v2\/types\/product"}],"replies":[{"embeddable":true,"href":"https:\/\/hyundaishop.eu\/de\/wp-json\/wp\/v2\/comments?post=3893"}],"wp:featuredmedia":[{"embeddable":true,"href":"https:\/\/hyundaishop.eu\/de\/wp-json\/wp\/v2\/media\/3914"}],"wp:attachment":[{"href":"https:\/\/hyundaishop.eu\/de\/wp-json\/wp\/v2\/media?parent=3893"}],"wp:term":[{"taxonomy":"product_brand","embeddable":true,"href":"https:\/\/hyundaishop.eu\/de\/wp-json\/wp\/v2\/product_brand?post=3893"},{"taxonomy":"product_cat","embeddable":true,"href":"https:\/\/hyundaishop.eu\/de\/wp-json\/wp\/v2\/product_cat?post=3893"},{"taxonomy":"product_tag","embeddable":true,"href":"https:\/\/hyundaishop.eu\/de\/wp-json\/wp\/v2\/product_tag?post=3893"}],"curies":[{"name":"wp","href":"https:\/\/api.w.org\/{rel}","templated":true}]}}