{"id":3752,"date":"2024-08-01T11:18:01","date_gmt":"2024-08-01T11:18:01","guid":{"rendered":"https:\/\/hyundaishop.eu\/shop\/uncategorized\/womens-trousers-diamond-navy\/"},"modified":"2026-01-29T09:49:15","modified_gmt":"2026-01-29T09:49:15","slug":"womens-trousers-diamond-navy","status":"publish","type":"product","link":"https:\/\/hyundaishop.eu\/de\/shop\/construction-equipment\/clothing\/trousers\/womens-trousers-diamond-navy\/","title":{"rendered":"Women&#8217;s Trousers Diamond Navy"},"content":{"rendered":"","protected":false},"excerpt":{"rendered":"<p>\u00b7 Einzigartige Bewegungsfreiheit, bei der sich nichts eng oder st\u00f6rend anf\u00fchlt, dank der Eigenschaften des funktionellen Vier-Wege-Stretch.<br \/>\n\u00b7 Leicht, hochbest\u00e4ndig und wasserabweisend ausger\u00fcstet.<br \/>\n\u00b7 Diamond Fit ist speziell f\u00fcr Frauen konzipiert, bei denen der Unterschied zwischen Taillen- und H\u00fcftumfang mehr als 20 Zentimeter betr\u00e4gt.<\/p>\n<p>Mascot ist weltweit f\u00fcr hochwertige Arbeitskleidung bekannt, und diese Hose bildet keine Ausnahme. Sie bietet besten Komfort und erstklassige Verarbeitung. Kombinieren Sie sie mit einem unserer HD Hyundai Marken-Poloshirts und einer Mascot Shelljacke f\u00fcr ein stilvolles und komfortables Outfit bei k\u00fchlerem Wetter.<\/p>","protected":false},"featured_media":3748,"comment_status":"open","ping_status":"closed","template":"","meta":{"_acf_changed":false},"product_brand":[],"product_cat":[18,131],"product_tag":[],"class_list":{"0":"post-3752","1":"product","2":"type-product","3":"status-publish","4":"has-post-thumbnail","6":"product_cat-clothing","7":"product_cat-trousers","9":"first","10":"instock","11":"taxable","12":"shipping-taxable","13":"purchasable","14":"product-type-variable"},"acf":[],"_links":{"self":[{"href":"https:\/\/hyundaishop.eu\/de\/wp-json\/wp\/v2\/product\/3752","targetHints":{"allow":["GET"]}}],"collection":[{"href":"https:\/\/hyundaishop.eu\/de\/wp-json\/wp\/v2\/product"}],"about":[{"href":"https:\/\/hyundaishop.eu\/de\/wp-json\/wp\/v2\/types\/product"}],"replies":[{"embeddable":true,"href":"https:\/\/hyundaishop.eu\/de\/wp-json\/wp\/v2\/comments?post=3752"}],"wp:featuredmedia":[{"embeddable":true,"href":"https:\/\/hyundaishop.eu\/de\/wp-json\/wp\/v2\/media\/3748"}],"wp:attachment":[{"href":"https:\/\/hyundaishop.eu\/de\/wp-json\/wp\/v2\/media?parent=3752"}],"wp:term":[{"taxonomy":"product_brand","embeddable":true,"href":"https:\/\/hyundaishop.eu\/de\/wp-json\/wp\/v2\/product_brand?post=3752"},{"taxonomy":"product_cat","embeddable":true,"href":"https:\/\/hyundaishop.eu\/de\/wp-json\/wp\/v2\/product_cat?post=3752"},{"taxonomy":"product_tag","embeddable":true,"href":"https:\/\/hyundaishop.eu\/de\/wp-json\/wp\/v2\/product_tag?post=3752"}],"curies":[{"name":"wp","href":"https:\/\/api.w.org\/{rel}","templated":true}]}}