{"id":3458,"date":"2024-07-10T08:11:52","date_gmt":"2024-07-10T08:11:52","guid":{"rendered":"https:\/\/hyundaishop.eu\/shop\/uncategorized\/men-shell-jacket\/"},"modified":"2026-04-09T08:34:06","modified_gmt":"2026-04-09T08:34:06","slug":"mens-mascot-shell-jacket","status":"publish","type":"product","link":"https:\/\/hyundaishop.eu\/de\/shop\/construction-equipment\/clothing\/coats-jackets\/mens-mascot-shell-jacket\/","title":{"rendered":"Men&#8217;s Mascot Shell Jacket"},"content":{"rendered":"","protected":false},"excerpt":{"rendered":"<p>\u00b7 Atmungsaktiv, wind- und wasserdicht mit versiegelten N\u00e4hten.<br \/>\n\u00b7 Abnehmbare gef\u00fctterte Kapuze mit verstellbarem elastischem Zugband.<br \/>\n\u00b7 Abnehmbarer Ausweishalter.<br \/>\n\u00b7 Erh\u00f6hte Sichtbarkeit durch Reflektoren.<br \/>\n\u00b7 Verschluss mit Rei\u00dfverschluss und innerer Windschutzleiste, um Wind fernzuhalten.<br \/>\n\u00b7 Gerippte B\u00fcndchen, um die K\u00e4lte drau\u00dfen zu halten.<br \/>\n\u00b7 \u00c4rmel mit CORDURA\u00ae-Verst\u00e4rkung.<br \/>\n\u00b7 Verschluss mit Rei\u00dfverschluss und innerer Windschutzleiste, um Wind fernzuhalten.<\/p>\n<p>Mascot ist weltweit f\u00fcr hochwertige Arbeitskleidung bekannt. Diese HD Hyundai-Markenjacke von Mascot bietet besten Komfort und erstklassige Verarbeitung. Tragen Sie diese Shelljacke \u00fcber Ihrem HD Hyundai Marken-Poloshirt und Mascot-Gilet f\u00fcr Komfort und Stil bei k\u00fchlerem Wetter.<\/p>","protected":false},"featured_media":6557,"comment_status":"open","ping_status":"closed","template":"","meta":{"_acf_changed":false},"product_brand":[],"product_cat":[198,18,36],"product_tag":[],"class_list":{"0":"post-3458","1":"product","2":"type-product","3":"status-publish","4":"has-post-thumbnail","6":"product_cat-bauma-uniform","7":"product_cat-clothing","8":"product_cat-coats-jackets","10":"first","11":"instock","12":"taxable","13":"shipping-taxable","14":"purchasable","15":"product-type-variable"},"acf":[],"_links":{"self":[{"href":"https:\/\/hyundaishop.eu\/de\/wp-json\/wp\/v2\/product\/3458","targetHints":{"allow":["GET"]}}],"collection":[{"href":"https:\/\/hyundaishop.eu\/de\/wp-json\/wp\/v2\/product"}],"about":[{"href":"https:\/\/hyundaishop.eu\/de\/wp-json\/wp\/v2\/types\/product"}],"replies":[{"embeddable":true,"href":"https:\/\/hyundaishop.eu\/de\/wp-json\/wp\/v2\/comments?post=3458"}],"wp:featuredmedia":[{"embeddable":true,"href":"https:\/\/hyundaishop.eu\/de\/wp-json\/wp\/v2\/media\/6557"}],"wp:attachment":[{"href":"https:\/\/hyundaishop.eu\/de\/wp-json\/wp\/v2\/media?parent=3458"}],"wp:term":[{"taxonomy":"product_brand","embeddable":true,"href":"https:\/\/hyundaishop.eu\/de\/wp-json\/wp\/v2\/product_brand?post=3458"},{"taxonomy":"product_cat","embeddable":true,"href":"https:\/\/hyundaishop.eu\/de\/wp-json\/wp\/v2\/product_cat?post=3458"},{"taxonomy":"product_tag","embeddable":true,"href":"https:\/\/hyundaishop.eu\/de\/wp-json\/wp\/v2\/product_tag?post=3458"}],"curies":[{"name":"wp","href":"https:\/\/api.w.org\/{rel}","templated":true}]}}