{"id":2915,"date":"2025-01-09T11:38:39","date_gmt":"2025-01-09T11:38:39","guid":{"rendered":"https:\/\/hyundaishop.eu\/shop\/uncategorized\/hyundai-forklift-25b-129\/"},"modified":"2026-03-17T15:58:12","modified_gmt":"2026-03-17T15:58:12","slug":"25b-forklift-129","status":"publish","type":"product","link":"https:\/\/hyundaishop.eu\/de\/shop\/material-handling\/scale-models-material-handling\/25b-forklift-129\/","title":{"rendered":"25B Forklift 1:29"},"content":{"rendered":"","protected":false},"excerpt":{"rendered":"<p>Erweitern Sie Ihre Sammlung mit dem 25B Gabelstapler im Ma\u00dfstab 1\/29.<br \/>\nVerpackt in der Original Hyundai Box. Mit einem hochdetaillierten Exterieur und Interieur f\u00e4ngt dieses Modell die Vielseitigkeit und Pr\u00e4zision der echten Maschine ein, was es zu einem Muss f\u00fcr Sammler und Enthusiasten gleicherma\u00dfen macht.<\/p>","protected":false},"featured_media":3136,"comment_status":"open","ping_status":"closed","template":"","meta":{"_acf_changed":false},"product_brand":[],"product_cat":[177,17,195],"product_tag":[],"class_list":{"0":"post-2915","1":"product","2":"type-product","3":"status-publish","4":"has-post-thumbnail","6":"product_cat-black-friday","7":"product_cat-scale-models","8":"product_cat-scale-models-material-handling","10":"first","11":"instock","12":"taxable","13":"shipping-taxable","14":"purchasable","15":"product-type-simple"},"acf":[],"_links":{"self":[{"href":"https:\/\/hyundaishop.eu\/de\/wp-json\/wp\/v2\/product\/2915","targetHints":{"allow":["GET"]}}],"collection":[{"href":"https:\/\/hyundaishop.eu\/de\/wp-json\/wp\/v2\/product"}],"about":[{"href":"https:\/\/hyundaishop.eu\/de\/wp-json\/wp\/v2\/types\/product"}],"replies":[{"embeddable":true,"href":"https:\/\/hyundaishop.eu\/de\/wp-json\/wp\/v2\/comments?post=2915"}],"wp:featuredmedia":[{"embeddable":true,"href":"https:\/\/hyundaishop.eu\/de\/wp-json\/wp\/v2\/media\/3136"}],"wp:attachment":[{"href":"https:\/\/hyundaishop.eu\/de\/wp-json\/wp\/v2\/media?parent=2915"}],"wp:term":[{"taxonomy":"product_brand","embeddable":true,"href":"https:\/\/hyundaishop.eu\/de\/wp-json\/wp\/v2\/product_brand?post=2915"},{"taxonomy":"product_cat","embeddable":true,"href":"https:\/\/hyundaishop.eu\/de\/wp-json\/wp\/v2\/product_cat?post=2915"},{"taxonomy":"product_tag","embeddable":true,"href":"https:\/\/hyundaishop.eu\/de\/wp-json\/wp\/v2\/product_tag?post=2915"}],"curies":[{"name":"wp","href":"https:\/\/api.w.org\/{rel}","templated":true}]}}