{"id":2794,"date":"2024-06-04T13:11:41","date_gmt":"2024-06-04T13:11:41","guid":{"rendered":"https:\/\/hyundaishop.eu\/shop\/uncategorized\/roll-up-banner-85x200-b\/"},"modified":"2026-03-13T07:42:39","modified_gmt":"2026-03-13T07:42:39","slug":"roll-up-banner-85x200cm-b","status":"publish","type":"product","link":"https:\/\/hyundaishop.eu\/de\/shop\/uncategorized\/roll-up-banner-85x200cm-b\/","title":{"rendered":"Roll up Banner (85x200cm) B"},"content":{"rendered":"","protected":false},"excerpt":{"rendered":"<p>Unser 85x200cm Roll-Up Banner ist eine elegante und tragbare Displayl\u00f6sung, die entwickelt wurde, um Ihre Botschaft hervorstechen zu lassen. Perfekt f\u00fcr Messen, Events oder Verkaufsr\u00e4ume kombiniert dieses Banner eine kompakte Gr\u00f6\u00dfe mit eindrucksvollen Visuals. Mit beeindruckenden Fotografien von Hyundai-Maschinen ist es eine praktische und wirkungsvolle Displayl\u00f6sung, die Aufmerksamkeit erregt. Einfach auf- und abzubauen, bietet dieses Roll-Up Banner Komfort ohne Kompromisse bei der Sichtbarkeit.<\/p>","protected":false},"featured_media":5591,"comment_status":"open","ping_status":"closed","template":"","meta":{"_acf_changed":false},"product_brand":[],"product_cat":[],"product_tag":[205],"class_list":{"0":"post-2794","1":"product","2":"type-product","3":"status-publish","4":"has-post-thumbnail","6":"product_tag-exclusive","8":"first","9":"onbackorder","10":"taxable","11":"shipping-taxable","12":"purchasable","13":"product-type-simple"},"acf":[],"_links":{"self":[{"href":"https:\/\/hyundaishop.eu\/de\/wp-json\/wp\/v2\/product\/2794","targetHints":{"allow":["GET"]}}],"collection":[{"href":"https:\/\/hyundaishop.eu\/de\/wp-json\/wp\/v2\/product"}],"about":[{"href":"https:\/\/hyundaishop.eu\/de\/wp-json\/wp\/v2\/types\/product"}],"replies":[{"embeddable":true,"href":"https:\/\/hyundaishop.eu\/de\/wp-json\/wp\/v2\/comments?post=2794"}],"wp:featuredmedia":[{"embeddable":true,"href":"https:\/\/hyundaishop.eu\/de\/wp-json\/wp\/v2\/media\/5591"}],"wp:attachment":[{"href":"https:\/\/hyundaishop.eu\/de\/wp-json\/wp\/v2\/media?parent=2794"}],"wp:term":[{"taxonomy":"product_brand","embeddable":true,"href":"https:\/\/hyundaishop.eu\/de\/wp-json\/wp\/v2\/product_brand?post=2794"},{"taxonomy":"product_cat","embeddable":true,"href":"https:\/\/hyundaishop.eu\/de\/wp-json\/wp\/v2\/product_cat?post=2794"},{"taxonomy":"product_tag","embeddable":true,"href":"https:\/\/hyundaishop.eu\/de\/wp-json\/wp\/v2\/product_tag?post=2794"}],"curies":[{"name":"wp","href":"https:\/\/api.w.org\/{rel}","templated":true}]}}